{"id":1381,"date":"2015-11-17T13:33:23","date_gmt":"2015-11-17T18:33:23","guid":{"rendered":"https:\/\/eila.org\/de\/?page_id=1381"},"modified":"2020-03-27T15:35:59","modified_gmt":"2020-03-27T19:35:59","slug":"zuhause","status":"publish","type":"page","link":"https:\/\/www.eila.org\/de\/","title":{"rendered":"Zuhause"},"content":{"rendered":"[vc_row no_margin=&#8220;true&#8220; padding_top=&#8220;0px&#8220; padding_bottom=&#8220;0px&#8220; border=&#8220;none&#8220; bg_video=&#8220;&#8220; class=&#8220;&#8220; style=&#8220;&#8220;][vc_column fade_animation_offset=&#8220;45px&#8220; width=&#8220;1\/3&#8243;]<h4  class=\"h-custom-headline actionHomebutton center-text h4\" style=\"color: #d16732;\"><span><a style=\"color: #d16732; margin-top: 0;\" title=\"Members Directory A-Z\" href=\"https:\/\/eila.org\/members-directory-eila\/\">FIND A MEMBER<\/a><\/span><\/h4><img  class=\"x-img callActionHomeButton x-img-circle none\"  src=\"https:\/\/www.eila.org\/wp-content\/uploads\/2015\/02\/violin-tools-sm.jpg\" >[\/vc_column][vc_column fade_animation_offset=&#8220;45px&#8220; width=&#8220;1\/3&#8243;]<h4  class=\"h-custom-headline actionHomebutton center-text h4\" ><span><a style=\"color: #d16732; margin-top: 0;\" title=\"Members\" href=\"https:\/\/eila.org\/members-directory-eila\/\">For Musicians<\/a><\/span><\/h4><img  class=\"x-img callActionHomeButton x-img-circle none\"  src=\"https:\/\/www.eila.org\/wp-content\/uploads\/2015\/02\/78.jpg\" >[\/vc_column][vc_column fade_animation_offset=&#8220;45px&#8220; width=&#8220;1\/3&#8243;]<h4  class=\"h-custom-headline actionHomebutton center-text h4\" ><span><a style=\"color: #d16732; margin-top: 0;\" title=\"Our Story\" href=\"https:\/\/eila.org\/mission\/\">Our Story<\/a><\/span><\/h4><img  class=\"x-img callActionHomeButton x-img-circle none\"  src=\"https:\/\/www.eila.org\/wp-content\/uploads\/2015\/02\/Entente-1955-sm.jpg\" >[\/vc_column][\/vc_row][vc_row padding_top=&#8220;0px&#8220; padding_bottom=&#8220;0px&#8220; border=&#8220;none&#8220;][vc_column fade_animation_offset=&#8220;45px&#8220; width=&#8220;1\/1&#8243;]<hr  class=\"x-hr\" ><h6  class=\"h-custom-headline h6\" ><span>Wer Sind Wir?<\/span><\/h6><div  class=\"x-columnize\" >Die europ\u00e4ischen Geigenbauer, welche 1950 unseren Internationalen Verband gr\u00fcndeten, ahnten sicher nicht, dass ihm heute weltweit rund 170 Geigen- und Bogenbauer angeh\u00f6rigen w\u00fcrden.<\/p>\n<p>Die Entente wurde mit dem Ziel gegr\u00fcndet, die freundschaftlichen Beziehungen zwischen den Kollegen zu st\u00e4rken und die  gesellschaftliche Anerkennung unserer Kunst zu f\u00f6rdern. Dazu z\u00e4hlte die Vervollkommnung der Ausbildungsmethoden, die B\u00fcndelung der verschiedenen Talente sowie die Verbesserung der Arbeitsbedingungen. Der Wunsch war es,  dem Geigen- und Bogenbau wieder zu der Gr\u00f6\u00dfe zu verhelfen, die er vormals hatte.<\/p>\n<p>Die Mitglieder der Entente Internationale bieten ein H\u00f6chstma\u00df an Professionalit\u00e4t f\u00fcr alle Fragen im Zusammenhang mit Streichinstrumenten und B\u00f6gen. Das beinhaltet sowohl Wartung der Instrumente und B\u00f6gen, regelm\u00e4\u00dfige Reparaturen sowie differenzierte Klangeinstellungen. Aber auch aufwendige Restaurierungen wertvoller Instrumente geh\u00f6ren zum T\u00e4tigkeitsbereich vieler unserer Kollegen. <\/p>\n<p>Sie finden in den aller meisten L\u00e4ndern Werkst\u00e4tten von Mitgliedern der Entente Internationale. Wenn Sie auf Reisen sind, kann Ihnen ihr  Geigen- oder Bogenbauer des Vertrauens als Mitglied der Entente in der Regel immer ein weiteres Mitglied nennen, welches Sie mit der gleichen Professionalit\u00e4t und K\u00f6nnen betreuen wird, wie Sie es von zu Hause her gewohnt sind.<br \/>\n<\/div>\n[\/vc_column][\/vc_row]\n","protected":false},"excerpt":{"rendered":"<p>[vc_row no_margin=&#8220;true&#8220; padding_top=&#8220;0px&#8220; padding_bottom=&#8220;0px&#8220; border=&#8220;none&#8220; bg_video=&#8220;&#8220; class=&#8220;&#8220; style=&#8220;&#8220;][vc_column fade_animation_offset=&#8220;45px&#8220; width=&#8220;1\/3&#8243;][\/vc_column][vc_column fade_animation_offset=&#8220;45px&#8220; width=&#8220;1\/3&#8243;][\/vc_column][vc_column fade_animation_offset=&#8220;45px&#8220; width=&#8220;1\/3&#8243;][\/vc_column][\/vc_row][vc_row padding_top=&#8220;0px&#8220; padding_bottom=&#8220;0px&#8220; border=&#8220;none&#8220;][vc_column fade_animation_offset=&#8220;45px&#8220; width=&#8220;1\/1&#8243;][\/vc_column][\/vc_row]<\/p>\n","protected":false},"author":152,"featured_media":0,"parent":0,"menu_order":0,"comment_status":"closed","ping_status":"closed","template":"template-blank-1.php","meta":[],"aioseo_notices":[],"_links":{"self":[{"href":"https:\/\/www.eila.org\/de\/wp-json\/wp\/v2\/pages\/1381\/"}],"collection":[{"href":"https:\/\/www.eila.org\/de\/wp-json\/wp\/v2\/pages\/"}],"about":[{"href":"https:\/\/www.eila.org\/de\/wp-json\/wp\/v2\/types\/page\/"}],"author":[{"embeddable":true,"href":"https:\/\/www.eila.org\/de\/wp-json\/wp\/v2\/users\/152\/"}],"replies":[{"embeddable":true,"href":"https:\/\/www.eila.org\/de\/wp-json\/wp\/v2\/comments\/?post=1381"}],"version-history":[{"count":10,"href":"https:\/\/www.eila.org\/de\/wp-json\/wp\/v2\/pages\/1381\/revisions\/"}],"predecessor-version":[{"id":2738,"href":"https:\/\/www.eila.org\/de\/wp-json\/wp\/v2\/pages\/1381\/revisions\/2738\/"}],"wp:attachment":[{"href":"https:\/\/www.eila.org\/de\/wp-json\/wp\/v2\/media\/?parent=1381"}],"curies":[{"name":"wp","href":"https:\/\/api.w.org\/{rel}","templated":true}]}}