{"id":1533,"date":"2015-12-14T08:49:16","date_gmt":"2015-12-14T13:49:16","guid":{"rendered":"https:\/\/eila.org\/de\/?page_id=1533"},"modified":"2015-12-14T08:49:16","modified_gmt":"2015-12-14T13:49:16","slug":"reisen-mit-einem-musikinstrument","status":"publish","type":"page","link":"https:\/\/www.eila.org\/de\/reisen-mit-einem-musikinstrument\/","title":{"rendered":"Reisen mit einem Musikinstrument"},"content":{"rendered":"[vc_row no_margin=&#8220;true&#8220; padding_top=&#8220;0px&#8220; padding_bottom=&#8220;0px&#8220; bg_video=&#8220;&#8220; class=&#8220;&#8220; style=&#8220;&#8220;][vc_column fade_animation_offset=&#8220;45px&#8220; width=&#8220;1\/1&#8243;]<p>Wenn sie auf Reisen sind, finden Sie in den meisten L\u00e4ndern Werkst\u00e4tten von EILA -Mitgliedern. Ihr Geigenbauer des Vertrauens nennt Ihnen sicher gerne Kollegen im Ausland, bei denen Sie ebenso gut und fachm\u00e4nisch beraten werden, wie Sie es zu Hause gewohnt sind.<\/p>\n<p>Folgende Dinge sollten bei Reisen mit Musikinstrumenten immer beachtet werden:<\/p>\n<p><strong>Im Flugzug:<\/strong><br \/>\nKl\u00e4ren Sie vor Antritt der Reise, welche spezifischen Bestimmungen bei den jeweiligen Fluggesellschaften gelten. Bringen Sie einen schriftlichen Nachweis mit, im Falle, dass das Bodenpersonal nicht ausreichend informiert ist. Musikinstrumente sollten nie im Frachtraum eines Flugzeuges transportiert werden, au\u00dfer Sie befinden sich in speziellen Transportbeh\u00e4ltnissen. <strong>Normale Instrumentenetuis, insbesondere Cellok\u00e4sten, eigenen sich nicht f\u00fcr den Transport im Frachtraum.<\/strong> Neben den extremen klimatischen Bedingungen, ist der robuste Umgang mit dem Gep\u00e4ck am Flughafen problematisch f\u00fcr die empfindlichen Instrumente und birgt gro\u00dfe Risiken. Daraus resultierende Sch\u00e4den sind normalerweise nicht Bestandteil einer Musikinstrumentenversicherung. Der sicherste Weg ist immer, das Instrument mit in die Kabine zu nehmen. In den F\u00e4llen von Geige und Bratsche sollte im Vorfeld mit der Fluglinie unbedingt abgekl\u00e4rt werden, welche Abmessungen das Handgep\u00e4ck generell haben darf. Einige Fluggesellschaften erlauben im Falle von Musikinstrumenten, auch Gr\u00f6\u00dfen, welche \u00fcber das normale Handgep\u00e4ck hinaus gehen. F\u00fcr Celli gilt folgendes: Falls Sie keinen extra stabilen &#8222;flight case&#8220; bzw. eine spezielle flugtaugliche  Umverpackung f\u00fcr ihr Cello-Etui haben, sollten Sie unbedingt einen extra Sitzplatz buchen.<br \/>\nBitte informieren Sie sich unbedingt vor Antritt der Flugreise ausreichend!<\/p>\n<p><strong>Im Auto:<\/strong><br \/>\nAuch Reisen mit dem Auto birgt Risiken f\u00fcr das Instrument. So sollte ein Instrument nie alleine in einem unbeaufsichtigten Fahrzeug gelassen werden. Neben der M\u00f6glichkeit des Diebstahls k\u00f6nnen auch die extremen Temperaturschwankungen in einem abgestellten Fahrzeug f\u00fcr geh\u00f6rige Sch\u00e4den am Instrument, vor allen Dingen am Lack, sorgen. Beide Tatbest\u00e4nde werden in der Regel nicht von der Versicherung abgedeckt.<br \/>\nW\u00e4hrend der Fahrt mit dem Auto, sollte das Instrument nicht extremer Sonnenstrahlung ausgesetzt werden. Zudem sollte es nicht im Kofferraum aufbewahrt werden, da es neben den Gefahren eines Auffahrunfalls, m\u00f6glicherweise auch gro\u00dfen Temperaturschwankungen ausgeliefert ist (Sonne, K\u00e4lte, Hitze durch den Auspuff etc.)<\/p>\n<p><strong>Sonstiges:<\/strong><br \/>\nInstrumente sollten, sobald sie nicht gespielt werden, in einem qualitativ entsprechenden Etui aufbewahrt werden. Dies ist immer der sicherste Ort f\u00fcr das Instrument. Es ist aber darauf zu achten, dass das Etui gut verschlossen ist, da immer wieder Sch\u00e4den entstehen, indem der unverriegelte Kasten unachtsam aufgenommen wird und das Instrument heraus f\u00e4llt.<\/p>\n<p>Falls das Instrument auf dem R\u00fccken getragen wird, sollte &#8211; im besonderen bei Celli &#8211; darauf geachtet werden, dass das Instrument die eigene K\u00f6rpergr\u00f6\u00dfe um einiges \u00fcberragen kann. Eine Tatsache, die bei Aufenthalt in geschlossenen R\u00e4umen (T\u00fcren) sowie bei der Benutzung von \u00f6ffentlichen Verkehrsmitteln unbedingt beachtet werden mu\u00df!<br \/>\nGenerell sind regelm\u00e4\u00dfig die Tragegurte sowie Griffe auf ihren Zustand hin zu \u00fcberpr\u00fcfen.<\/p>\n[\/vc_column][\/vc_row]\n","protected":false},"excerpt":{"rendered":"<p>[vc_row no_margin=&#8220;true&#8220; padding_top=&#8220;0px&#8220; padding_bottom=&#8220;0px&#8220; bg_video=&#8220;&#8220; class=&#8220;&#8220; style=&#8220;&#8220;][vc_column fade_animation_offset=&#8220;45px&#8220; width=&#8220;1\/1&#8243;][\/vc_column][\/vc_row]<\/p>\n","protected":false},"author":11,"featured_media":0,"parent":0,"menu_order":0,"comment_status":"closed","ping_status":"open","template":"template-layout-full-width.php","meta":[],"aioseo_notices":[],"_links":{"self":[{"href":"https:\/\/www.eila.org\/de\/wp-json\/wp\/v2\/pages\/1533\/"}],"collection":[{"href":"https:\/\/www.eila.org\/de\/wp-json\/wp\/v2\/pages\/"}],"about":[{"href":"https:\/\/www.eila.org\/de\/wp-json\/wp\/v2\/types\/page\/"}],"author":[{"embeddable":true,"href":"https:\/\/www.eila.org\/de\/wp-json\/wp\/v2\/users\/11\/"}],"replies":[{"embeddable":true,"href":"https:\/\/www.eila.org\/de\/wp-json\/wp\/v2\/comments\/?post=1533"}],"version-history":[{"count":1,"href":"https:\/\/www.eila.org\/de\/wp-json\/wp\/v2\/pages\/1533\/revisions\/"}],"predecessor-version":[{"id":1534,"href":"https:\/\/www.eila.org\/de\/wp-json\/wp\/v2\/pages\/1533\/revisions\/1534\/"}],"wp:attachment":[{"href":"https:\/\/www.eila.org\/de\/wp-json\/wp\/v2\/media\/?parent=1533"}],"curies":[{"name":"wp","href":"https:\/\/api.w.org\/{rel}","templated":true}]}}