{"id":1541,"date":"2015-12-14T16:09:50","date_gmt":"2015-12-14T21:09:50","guid":{"rendered":"https:\/\/eila.org\/de\/?page_id=1541"},"modified":"2015-12-14T16:09:50","modified_gmt":"2015-12-14T21:09:50","slug":"versicherung","status":"publish","type":"page","link":"https:\/\/www.eila.org\/de\/versicherung\/","title":{"rendered":"Versicherung"},"content":{"rendered":"[vc_row no_margin=&#8220;true&#8220; padding_top=&#8220;0px&#8220; padding_bottom=&#8220;0px&#8220; bg_video=&#8220;&#8220; class=&#8220;&#8220; style=&#8220;&#8220;][vc_column fade_animation_offset=&#8220;45px&#8220; width=&#8220;1\/1&#8243;]<p>Eine gute Musikinstrumentenversicherung erlaubt Ihnen nicht nur ein besch\u00e4digtes Instrument bzw. Bogen bei einem Geigenbaumeister Ihrer Wahl reparieren zu lassen, sondern kommt auch \u2013 im Falle eines Falles &#8211; f\u00fcr dessen Verlust auf. Zudem gleicht die Versicherung die durch den Schaden eventuell verursachte Wertminderung aus. Vorraussetzung ist eine Wertbescheinigung, welche Sie beim Kauf eines Instrumentes\/Bogens bei einem Fachh\u00e4ndler erhalten. Die Bescheinigung sollte allerdings alle 2-3 Jahre aktualisiert werden, da ansonsten der vertraglich vereinbarte Versicherungsschutz erl\u00f6schen kann.<\/p>\n<p>Vergewissern Sie sich, dass die Versicherungspolice keinen Ausschluss von Zahlungen bei Verlust des Instrumentes\/Bogens beinhaltet. Au\u00dferdem sollte die Versicherung Ihnen weder vorschreiben, welchen Reparaturbetrieb Sie aufzusuchen haben, noch Ihnen bei Verlust einen eigenen Ersatz anbieten. Stellen Sie sicher, dass gekl\u00e4rt ist, wann gegebenenfalls kein Versicherungsschutz vorliegt \u2013 \u201e<em>Ausschluss von Versicherungsleistung<\/em> so z.B. bei Diebstahl aus dem Auto, Wettersch\u00e4den o.\u00e4. Eine Deckung dieser Leistungen kann individuell vereinbart werden.<\/p>\n<p>Wir empfehlen Ihnen, ihr Instrument bzw. Bogen bei einem Versicherer zu versichern, der auf Musikinstrumente spezialisiert ist. Falls Sie professioneller Musiker sind, k\u00f6nnen die Pr\u00e4mien u.U. steuerlich ber\u00fccksichtigt werden. Einige Versicherer haben ein Versicherungsminimum von ca. \u20ac10.000,- sodass es sich gegebenenfalls lohnt, mehre Instrumente in einer Police zusammen zu fassen. <\/p>\n<p><strong>Weitere Versicherungen<\/strong><\/p>\n<p>Instrumente in bereits bestehende Hausratversicherungen einzuschlie\u00dfen, mag zun\u00e4chst g\u00fcnstig erscheinen, ist aber h\u00e4ufig ungeeignet. Folgende Probleme k\u00f6nnen auftreten:<\/p>\n<ol>\n<li>Hausratversicherungen beinhalten i.d.R. nicht den professionellen d.h. den gewerblichen Gebrauch der Instrumente<\/li>\n<li>Obwohl der Versicherungswert bei Abschluss der Versicherung bestimmt wird, besteht die Gefahr, dass der Hausratsversicherer bei Besch\u00e4digung bzw. Verlust nicht die volle Deckung \u00fcbernimmt und es auf eine gerichtliche Auseinandersetzung ankommen l\u00e4sst.<\/li>\n<li>Naturgem\u00e4\u00df haben allgemeine Hausratsversicherungen wenig Wissen \u00fcber die spezifischen Eigenheiten von Instrumentensch\u00e4den, Wertminderung etc.<\/li>\n<li>Die Abwicklung kann sich langwierig und kompliziert gestalten.<\/li>\n<li>Viele Hausratversicherer versichern keine wertvollen Instrumente.<\/li>\n<\/ol>\n<p><strong>Wertminderung<\/strong><\/p>\n<p>Die Kompensation einer eventuellen Wertminderung eines Instrumentes\/Bogens im Schadensfall durch die Versicherung kann von sehr gro\u00dfer Bedeutung sein. Gerade bei wertvollen Instrumenten kann eine nicht vorhandene finanzielle Deckung einer Wertminderung verheerend sein. Ein Beispiel: Eine f\u00fcr \u20ac200.000,- versicherte Geige erleidet einen erheblichen Schaden. Die Reparaturkosten betragen \u20ac30.000,- und die Wertminderung betr\u00e4gt \u20ac90.000,-<\/p>\n<p>Der Versicherer zahlt dem Musiker insgesamt \u20ac120.000,- eingedenk der Tatsache, dass die Geige nicht mehr den gleichen Wert hat wie vor Schadenseintritt. Im Falle der Nichtdeckung der Wertminderung, erhielte der Musiker lediglich die Reparaturkosten erstattet.<br \/>\nNoch deutlicher wird die Notwendigkeit der Abdeckung der Wertminderung bei Streichb\u00f6gen. In diesem Fall gestalten sich Sch\u00e4den h\u00e4ufig als Totalschaden. So ist z.B. ein Kopfbruch i.d.R. als Totalverlust zu bewerten. Bei wertvollen B\u00f6gen ist gegebenenfalls noch ein Restwert f\u00fcr den Frosch anzusetzen. Bei Nichtdeckung w\u00fcrde die Versicherung ausschlie\u00dflich f\u00fcr eine eventuelle Reparatur aufkommen, auf der keine Garantie best\u00fcnde. <\/p>\n<p>Bei Abschluss einer Versicherung, selbst im Falle einer speziellen Musikinstrumenten-versicherung, sollte in jedem Fall darauf geachtet werden, dass eine durch Sch\u00e4den verursachte Wertminderung in der Police eingeschlossen ist. Bitte wenden Sie sich bei Versicherungsfragen an den Geigenbauer Ihres Vertrauens, der Ihnen gerne weiterhilft. <\/p>\n[\/vc_column][\/vc_row]\n","protected":false},"excerpt":{"rendered":"<p>[vc_row no_margin=&#8220;true&#8220; padding_top=&#8220;0px&#8220; padding_bottom=&#8220;0px&#8220; bg_video=&#8220;&#8220; class=&#8220;&#8220; style=&#8220;&#8220;][vc_column fade_animation_offset=&#8220;45px&#8220; width=&#8220;1\/1&#8243;][\/vc_column][\/vc_row]<\/p>\n","protected":false},"author":11,"featured_media":0,"parent":0,"menu_order":0,"comment_status":"closed","ping_status":"open","template":"template-layout-full-width.php","meta":[],"aioseo_notices":[],"_links":{"self":[{"href":"https:\/\/www.eila.org\/de\/wp-json\/wp\/v2\/pages\/1541\/"}],"collection":[{"href":"https:\/\/www.eila.org\/de\/wp-json\/wp\/v2\/pages\/"}],"about":[{"href":"https:\/\/www.eila.org\/de\/wp-json\/wp\/v2\/types\/page\/"}],"author":[{"embeddable":true,"href":"https:\/\/www.eila.org\/de\/wp-json\/wp\/v2\/users\/11\/"}],"replies":[{"embeddable":true,"href":"https:\/\/www.eila.org\/de\/wp-json\/wp\/v2\/comments\/?post=1541"}],"version-history":[{"count":1,"href":"https:\/\/www.eila.org\/de\/wp-json\/wp\/v2\/pages\/1541\/revisions\/"}],"predecessor-version":[{"id":1542,"href":"https:\/\/www.eila.org\/de\/wp-json\/wp\/v2\/pages\/1541\/revisions\/1542\/"}],"wp:attachment":[{"href":"https:\/\/www.eila.org\/de\/wp-json\/wp\/v2\/media\/?parent=1541"}],"curies":[{"name":"wp","href":"https:\/\/api.w.org\/{rel}","templated":true}]}}