{"id":1564,"date":"2015-12-17T15:46:58","date_gmt":"2015-12-17T20:46:58","guid":{"rendered":"https:\/\/eila.org\/de\/?page_id=1564"},"modified":"2015-12-23T19:48:28","modified_gmt":"2015-12-24T00:48:28","slug":"links","status":"publish","type":"page","link":"https:\/\/www.eila.org\/de\/links\/","title":{"rendered":"Links"},"content":{"rendered":"[vc_row no_margin=&#8220;true&#8220; padding_top=&#8220;0px&#8220; padding_bottom=&#8220;0px&#8220; border=&#8220;none&#8220; bg_video=&#8220;&#8220; class=&#8220;&#8220; style=&#8220;&#8220;][vc_column fade_animation_offset=&#8220;45px&#8220; width=&#8220;1\/1&#8243;]<p>Diese Links werden als Service und dient nur zu Informationszwecken zur Verf\u00fcgung gestellt; sie stellen keine Billigung oder eine Genehmigung durch die EILA eines der Produkte, Leistungen oder Meinungen des Unternehmens oder Einzelpersonen. Die EILA tr\u00e4gt keine Verantwortung f\u00fcr die Richtigkeit, Rechtm\u00e4\u00dfigkeit, oder den Inhalt der externen Website oder f\u00fcr die der nachfolgenden Links. Bitte kontaktieren Sie das externe Seite nach Antworten auf Fragen in Bezug auf den Inhalt.<\/p>\n<p><a href=\"http:\/\/www.geigenbauerverband.org\" target=\"_blank\">Der Verband Deutscher Geigenbauer und Bogenmacher<\/a><br \/>\n<a href=\"http:\/\/www.musikrat.de\/\" target=\"_blank\">Deutscher Musikrat<\/a><br \/>\n<a href=\"http:\/\/www.ipci-deutschland.org\" target=\"_blank\">IPCI-Deutschland e.V.<\/a><br \/>\n<a href=\"http:\/\/www.eben-holz.org\" target=\"_blank\">EBEN ! HOLZ e.V.<\/a><\/p>\n<p><a href=\"http:\/\/www.bvma.org.uk\/\" target=\"_blank\">The British Violin Making Association<\/a><\/p>\n<p><a href=\"https:\/\/www.larkinsurance.co.uk\/\" target=\"_blank\">Lark Insurance<\/a><\/p>\n<p><a href=\"http:\/\/www.glaaf.fr\/\" target=\"_blank\">Groupement des Luthiers et Archetiers d\u2019Art de France<\/a><br \/>\n<a href=\"http:\/\/www.aladfi.com\" target=\"_blank\">L\u2019Association des Luthiers et Archetiers pour le D\u00e9veloppement de la Facture Instrumentale<\/a><\/p>\n<p><a href=\"http:\/\/www.geigenbauer.ch\/\" target=\"_blank\">Schweizer Verband der Geigenbauer und Bogenmacher<\/a><\/p>\n<p><a href=\"http:\/\/www.luthier-aelap.org\/\" target=\"_blank\">Asociaci\u00f3n Espa\u00f1ola de Luthiers y Arqueteros Profesionales<\/a><\/p>\n<p><a href=\"http:\/\/www.geigenbauverband.at\" target=\"_blank\">Verbandes \u00d6sterreichischer Geigenbauer<\/a><\/p>\n<p><a href=\"http:\/\/www.violinbyggarmastarna.se\/\" target=\"_blank\">Sveriges Violinbyggarm\u00e4stare<\/a><\/p>\n<p><a href=\"http:\/\/afvbm.com\/\" target=\"_blank\">American Federation of Violin and Bow Makers <\/a><br \/>\n<a href=\"http:\/\/www.luth.org\" target=\"_blank\">Guild of American Luthiers<\/a><br \/>\n<a href=\"http:\/\/vsa.to\/\" target=\"_blank\">The Violin Society of America <\/a><br \/>\n<a href=\"http:\/\/www.ipci-usa.org\/\" target=\"_blank\">IPCI USA <\/a><\/p>\n<p><a href=\"http:\/\/www.ipci-canada.org\/\" target=\"_blank\">IPCI Canada<\/a><\/p>\n<p><a href=\"http:\/\/avma.org.au\/\" target=\"_blank\">Australian Violin Makers Association<\/a><\/p>\n[\/vc_column][\/vc_row]\n","protected":false},"excerpt":{"rendered":"<p>[vc_row no_margin=&#8220;true&#8220; padding_top=&#8220;0px&#8220; padding_bottom=&#8220;0px&#8220; border=&#8220;none&#8220; bg_video=&#8220;&#8220; class=&#8220;&#8220; style=&#8220;&#8220;][vc_column fade_animation_offset=&#8220;45px&#8220; width=&#8220;1\/1&#8243;][\/vc_column][\/vc_row]<\/p>\n","protected":false},"author":11,"featured_media":0,"parent":0,"menu_order":0,"comment_status":"closed","ping_status":"open","template":"template-layout-full-width.php","meta":[],"aioseo_notices":[],"_links":{"self":[{"href":"https:\/\/www.eila.org\/de\/wp-json\/wp\/v2\/pages\/1564\/"}],"collection":[{"href":"https:\/\/www.eila.org\/de\/wp-json\/wp\/v2\/pages\/"}],"about":[{"href":"https:\/\/www.eila.org\/de\/wp-json\/wp\/v2\/types\/page\/"}],"author":[{"embeddable":true,"href":"https:\/\/www.eila.org\/de\/wp-json\/wp\/v2\/users\/11\/"}],"replies":[{"embeddable":true,"href":"https:\/\/www.eila.org\/de\/wp-json\/wp\/v2\/comments\/?post=1564"}],"version-history":[{"count":3,"href":"https:\/\/www.eila.org\/de\/wp-json\/wp\/v2\/pages\/1564\/revisions\/"}],"predecessor-version":[{"id":1765,"href":"https:\/\/www.eila.org\/de\/wp-json\/wp\/v2\/pages\/1564\/revisions\/1765\/"}],"wp:attachment":[{"href":"https:\/\/www.eila.org\/de\/wp-json\/wp\/v2\/media\/?parent=1564"}],"curies":[{"name":"wp","href":"https:\/\/api.w.org\/{rel}","templated":true}]}}