{"id":1700,"date":"2015-02-11T20:49:47","date_gmt":"2015-02-11T20:49:47","guid":{"rendered":"https:\/\/eila.org\/de\/?page_id=1700"},"modified":"2016-09-16T15:02:26","modified_gmt":"2016-09-16T19:02:26","slug":"join","status":"publish","type":"page","link":"https:\/\/www.eila.org\/de\/join\/","title":{"rendered":"Mitglied werden"},"content":{"rendered":"[vc_row no_margin=&#8220;true&#8220; padding_top=&#8220;0px&#8220; padding_bottom=&#8220;0px&#8220; border=&#8220;none&#8220; style=&#8220;margin-top: 0px;&#8220;][vc_column width=&#8220;1\/1&#8243;]<h3 style=\"margin-top: 0; padding-top: 0;\"><strong>Die Mitgliedschaft in der EILA<\/strong><\/h3>\n<p>Die Entente begr\u00fc\u00dft alle qualifizierte Kollegen, die Mitgliedschaft zu beantragen.<\/p>\n<p>Die Vorraussetzungen f\u00fcr die Mitgliedschaft gehen allerdings \u00fcber reine handwerkliche F\u00e4higkeiten, Wissen und Erfahrung hinaus. EILA Mitglieder dienen, neben ihre T\u00e4tigkeit\u00a0 an der Werkbank , in einer besonderen Weise unserer Kunst, streben freundschaftliche Bande unter Kollegen an, pflegen den fachlichen Austausch, nicht zu letzt um das Erbe unserer kostbaren Handwerks zu wahren.<\/p>\n<p>Von den Mitgliedern wird erwartet, dass sie etwas zum Leben und den Aktivit\u00e4ten des Verbandes beitragen. Dazu z\u00e4hlt z.B. die Teilnahme an den zweij\u00e4hrlich stattfindenden Kongressen, welche an verschiedenen Orten der Welt stattfinden.<\/p>\n<p>Eine Aufnahme als Mitglied bedarf der 2\/3 Mehrheit des Komitees. Die Wahl findet alle zwei Jahre statt und zwar in den Jahren in welchen keine Hauptversammlung ist. Die Bewerbungsunterlagen m\u00fcssen dem Generalsekret\u00e4r bis sp\u00e4testen 1. Februar desselben Jahres zugegangen sein.<\/p>\n<p><strong>Arten der Mitgliedschaft<\/strong><\/p>\n<ul>\n<li>Vollmitglieder sind Instrumenten und Bogenmacher, die Eigent\u00fcmer oder Gesch\u00e4ftsf\u00fchrer einer Instrumenten- bzw. Bogenbaufirma \u00a0sind.<\/li>\n<li>Assoziierte Mitglieder sind Instrumenten und Bogenmacher, welche in leitender Position bei einem Vollmitglied der EILA besch\u00e4ftigt sind.<\/li>\n<\/ul>\n<p><strong>Qualifikationen f\u00fcr Mitgliedschaft<\/strong><\/p>\n<p>Bewerber f\u00fcr eine Vollmitgliedschaft m\u00fcssen folgende Voruassetzungen erf\u00fcllen:<\/p>\n<ul>\n<li>zum Zeitpunkt der Einreichung der Bewerbungsunterlagen mindesten 35 Jahre alt sein<\/li>\n<li>eine abgeschlosse Ausbildung in Geigenbau- bzw. Bogenbau in einer Werkstatt bzw. anerkannten\u00a0\u00a0 Fachschule absolviert haben<\/li>\n<li>ihren Beruf mind. 5 Jahre nach Abschluss der Ausbildung in einer anerkannten Bogen- bzw. Geigenbauwerkstatt ausge\u00fcbt haben<\/li>\n<li>mindesten 3 Jahre eine eigene Firma als Bogen- bzw. Geigenbauer gef\u00fchrt haben, bzw. als Gesch\u00e4ftsf\u00fchrer einer anerkannten Werkstatt gearbeitet haben. Wobei in beiden F\u00e4llen ein direkter Kontakt mit den Musikern bestanden haben sollte<\/li>\n<\/ul>\n<p>Bewerber f\u00fcr die assoziierte Mitgliedschaft m\u00fcssen:<\/p>\n<ul>\n<li>zum Zeitpunkt der Einreichung der Bewerbungsunterlagen mindesten 35 Jahre alt sein<\/li>\n<li>eine abgeschlossen Ausbildung in Geigenbau- bzw. Bogenbau in einer Werkstatt bzw. anerkannten Fachschule absolviert haben<\/li>\n<li>ihren Beruf mind. 5 Jahre nach Abschluss der Ausbildung in einer anerkannten Bogen- bzw. Geigenbauwerkstatt ausge\u00fcbt haben.<\/li>\n<li>zur Zeit bei einem Vollmitglied der EILA angestellt sein<\/li>\n<\/ul>\n<p>Anzumerken ist, dass diese Richtlinien in dem Fall, dass ein Bewerber nicht alle Punkte erf\u00fcllt, sich dennoch unter besonderen Umst\u00e4nden f\u00fcr eine Mitgliedschaft qualifizieren kann. Die Wahl muss in einem solchen Fall allerdings einstimmig durch das Komitee erfolgen.<\/p>\n<p>Bitte benutzen Sie diese Form, um die Bewerbungsunterlagen direkt \u2013 unter Nennung der gew\u00fcnschten Form der Mitgliedschaft &#8211; bei dem Generalsekret\u00e4r zu beantragen. \u00c4ltere Versionen von Bewerbungsunterlagen k\u00f6nnen nicht mehr akzeptiert werden.<\/p>\n[\/vc_column][\/vc_row][vc_row][vc_column width=&#8220;1\/1&#8243;]<hr  class=\"x-gap\" style=\"margin: 1.313em 0 0 0;\"><div role=\"form\" class=\"wpcf7\" id=\"wpcf7-f168-o1\" lang=\"en-US\" dir=\"ltr\">\n<div class=\"screen-reader-response\"><p role=\"status\" aria-live=\"polite\" aria-atomic=\"true\"><\/p> <ul><\/ul><\/div>\n<form action=\"\/de\/wp-json\/wp\/v2\/pages\/1700#wpcf7-f168-o1\" method=\"post\" class=\"wpcf7-form init\" novalidate=\"novalidate\" data-status=\"init\">\n<div style=\"display: none;\">\n<input type=\"hidden\" name=\"_wpcf7\" value=\"168\" \/>\n<input type=\"hidden\" name=\"_wpcf7_version\" value=\"5.5.6.1\" \/>\n<input type=\"hidden\" name=\"_wpcf7_locale\" value=\"en_US\" \/>\n<input type=\"hidden\" name=\"_wpcf7_unit_tag\" value=\"wpcf7-f168-o1\" \/>\n<input type=\"hidden\" name=\"_wpcf7_container_post\" value=\"0\" \/>\n<input type=\"hidden\" name=\"_wpcf7_posted_data_hash\" value=\"\" \/>\n<\/div>\n<p>Full Name (required)<br \/>\n    <span class=\"wpcf7-form-control-wrap your-name\"><input type=\"text\" name=\"your-name\" value=\"\" size=\"40\" class=\"wpcf7-form-control wpcf7-text wpcf7-validates-as-required\" aria-required=\"true\" aria-invalid=\"false\" \/><\/span>\n<p>Phone (required)<br \/>\n   <span class=\"wpcf7-form-control-wrap tel-457\"><input type=\"tel\" name=\"tel-457\" value=\"\" size=\"40\" class=\"wpcf7-form-control wpcf7-text wpcf7-tel wpcf7-validates-as-required wpcf7-validates-as-tel\" aria-required=\"true\" aria-invalid=\"false\" \/><\/span>\n<p>Your Email (required)<br \/>\n    <span class=\"wpcf7-form-control-wrap your-email\"><input type=\"email\" name=\"your-email\" value=\"\" size=\"40\" class=\"wpcf7-form-control wpcf7-text wpcf7-email wpcf7-validates-as-required wpcf7-validates-as-email\" aria-required=\"true\" aria-invalid=\"false\" \/><\/span> <\/p>\n<p>Tell us about Yourself (required)<br \/>\n    <span class=\"wpcf7-form-control-wrap your-message\"><textarea name=\"your-message\" cols=\"40\" rows=\"10\" class=\"wpcf7-form-control wpcf7-textarea wpcf7-validates-as-required\" aria-required=\"true\" aria-invalid=\"false\"><\/textarea><\/span> <\/p>\n<p><input type=\"hidden\" name=\"_wpcf7_captcha_challenge_captcha-746\" value=\"3319693104\" \/><img class=\"wpcf7-form-control wpcf7-captchac wpcf7-captcha-captcha-746\" id=\"captchaForm\" width=\"72\" height=\"24\" alt=\"captcha\" src=\"https:\/\/www.eila.org\/wp-content\/uploads\/wpcf7_captcha\/3319693104.png\" \/> <span class=\"wpcf7-form-control-wrap captcha-746\"><input type=\"text\" name=\"captcha-746\" value=\"\" size=\"40\" class=\"wpcf7-form-control wpcf7-captchar\" id=\"captchaForminp\" autocomplete=\"off\" aria-invalid=\"false\" \/><\/span><\/p>\n<p><input type=\"submit\" value=\"Send\" class=\"wpcf7-form-control has-spinner wpcf7-submit\" \/><\/p>\n<div class=\"wpcf7-response-output\" aria-hidden=\"true\"><\/div><\/form><\/div>[\/vc_column][\/vc_row]\n","protected":false},"excerpt":{"rendered":"<p>[vc_row no_margin=&#8220;true&#8220; padding_top=&#8220;0px&#8220; padding_bottom=&#8220;0px&#8220; border=&#8220;none&#8220; style=&#8220;margin-top: 0px;&#8220;][vc_column width=&#8220;1\/1&#8243;][\/vc_column][\/vc_row][vc_row][vc_column width=&#8220;1\/1&#8243;][\/vc_column][\/vc_row]<\/p>\n","protected":false},"author":152,"featured_media":0,"parent":0,"menu_order":0,"comment_status":"closed","ping_status":"open","template":"template-layout-full-width.php","meta":[],"aioseo_notices":[],"_links":{"self":[{"href":"https:\/\/www.eila.org\/de\/wp-json\/wp\/v2\/pages\/1700\/"}],"collection":[{"href":"https:\/\/www.eila.org\/de\/wp-json\/wp\/v2\/pages\/"}],"about":[{"href":"https:\/\/www.eila.org\/de\/wp-json\/wp\/v2\/types\/page\/"}],"author":[{"embeddable":true,"href":"https:\/\/www.eila.org\/de\/wp-json\/wp\/v2\/users\/152\/"}],"replies":[{"embeddable":true,"href":"https:\/\/www.eila.org\/de\/wp-json\/wp\/v2\/comments\/?post=1700"}],"version-history":[{"count":8,"href":"https:\/\/www.eila.org\/de\/wp-json\/wp\/v2\/pages\/1700\/revisions\/"}],"predecessor-version":[{"id":2054,"href":"https:\/\/www.eila.org\/de\/wp-json\/wp\/v2\/pages\/1700\/revisions\/2054\/"}],"wp:attachment":[{"href":"https:\/\/www.eila.org\/de\/wp-json\/wp\/v2\/media\/?parent=1700"}],"curies":[{"name":"wp","href":"https:\/\/api.w.org\/{rel}","templated":true}]}}