{"id":1320,"date":"2015-11-17T13:15:34","date_gmt":"2015-11-17T18:15:34","guid":{"rendered":"https:\/\/eila.org\/fr\/?page_id=1320"},"modified":"2015-12-22T10:22:48","modified_gmt":"2015-12-22T15:22:48","slug":"home","status":"publish","type":"page","link":"https:\/\/www.eila.org\/fr\/","title":{"rendered":"Accueil"},"content":{"rendered":"[vc_row no_margin=\u00a0\u00bbtrue\u00a0\u00bb padding_top=\u00a0\u00bb0px\u00a0\u00bb padding_bottom=\u00a0\u00bb0px\u00a0\u00bb border=\u00a0\u00bbnone\u00a0\u00bb bg_video=\u00a0\u00bb\u00a0\u00bb class=\u00a0\u00bb\u00a0\u00bb style=\u00a0\u00bb\u00a0\u00bb][vc_column fade_animation_offset=\u00a0\u00bb45px\u00a0\u00bb width=\u00a0\u00bb1\/3&Prime;]<h4  class=\"h-custom-headline actionHomebutton center-text h4\" style=\"color: #d16732;\"><span><a style=\"color: #d16732; margin-top: 0;\" title=\"Members Directory A-Z\" href=\"https:\/\/eila.org\/fr\/repertoire-des-membres-eila\/\">Trouver un membre<\/a><\/span><\/h4><img  class=\"x-img callActionHomeButton x-img-circle none\"  src=\"https:\/\/www.eila.org\/wp-content\/uploads\/2015\/02\/violin-tools.jpg\" >[\/vc_column][vc_column fade_animation_offset=\u00a0\u00bb45px\u00a0\u00bb width=\u00a0\u00bb1\/3&Prime;]<h4  class=\"h-custom-headline actionHomebutton center-text h4\" ><span><a style=\"color: #d16732; margin-top: 0;\" title=\"Members\" href=\"https:\/\/eila.org\/fr\/repertoire-des-membres-eila\/\">Pour musiciens<\/a><\/span><\/h4><img  class=\"x-img callActionHomeButton x-img-circle none\"  src=\"https:\/\/www.eila.org\/wp-content\/uploads\/2015\/02\/78.jpg\" >[\/vc_column][vc_column fade_animation_offset=\u00a0\u00bb45px\u00a0\u00bb width=\u00a0\u00bb1\/3&Prime;]<h4  class=\"h-custom-headline actionHomebutton center-text h4\" ><span><a style=\"color: #d16732; margin-top: 0;\" title=\"Executive Board\" href=\"https:\/\/eila.org\/fr\/mission\/\">Notre Histoire<\/a><\/span><\/h4><img  class=\"x-img callActionHomeButton x-img-circle none\"  src=\"https:\/\/www.eila.org\/wp-content\/uploads\/2015\/12\/Entente-1955-for-web-e1450404570941.jpg\" >[\/vc_column][\/vc_row][vc_row padding_top=\u00a0\u00bb0px\u00a0\u00bb padding_bottom=\u00a0\u00bb0px\u00a0\u00bb border=\u00a0\u00bbnone\u00a0\u00bb][vc_column fade_animation_offset=\u00a0\u00bb45px\u00a0\u00bb width=\u00a0\u00bb1\/1&Prime;]<hr  class=\"x-hr\" ><h6  class=\"h-custom-headline h6\" ><span>Qui Sommes-Nous ?<\/span><\/h6><div  class=\"x-columnize\" >En 1950, les luthiers europ\u00e9ens qui cr\u00e9ent l\u2019Entente Internationale ne se doutaient pas qu\u2019elle regrouperait aujourd\u2019hui quelques 170 luthiers et archetiers \u00e0 travers le monde.<\/p>\n<p>L\u2019Entente a \u00e9t\u00e9 cr\u00e9\u00e9e dans le but de resserrer les liens d\u2019amiti\u00e9 entre les Ma\u00eetres, de prendre toutes dispositions utiles pour d\u00e9fendre leurs conditions de travail, de mieux faire conna\u00eetre leur art, de perfectionner les m\u00e9thodes d\u2019\u00e9ducation de leurs \u00e9l\u00e8ves, de mettre toutes leurs forces et leur talent en commun afin de rendre leur grandeur \u00e0 la lutherie et \u00e0 l&rsquo;arch\u00e8terie.<\/p>\n<p>Le luthier ou l\u2019archetier dipl\u00f4m\u00e9 de l\u2019Entente Internationale saura r\u00e9pondre avec le meilleur professionnalisme \u00e0 tous les besoins des musiciens du quatuor \u00e0 cordes : l\u2019entretien de l\u2019instrument ou de l\u2019archet, les r\u00e9parations courantes, le r\u00e9glage de la sonorit\u00e9 et aussi les travaux de haute restauration ex\u00e9cut\u00e9s sur les plus prestigieuses pi\u00e8ces du patrimoine instrumental.<\/p>\n<p>Vous trouverez leurs ateliers dans la plupart des pays, et en cas de besoin lors de vos d\u00e9placements, votre luthier ou votre archetier, membre de l\u2019Entente Internationale, saura vous indiquer \u00e0 qui vous adresser avec la m\u00eame confiance que vous lui accordez habituellement.<\/div>\n[\/vc_column][\/vc_row]\n","protected":false},"excerpt":{"rendered":"<p>[vc_row no_margin=\u00a0\u00bbtrue\u00a0\u00bb padding_top=\u00a0\u00bb0px\u00a0\u00bb padding_bottom=\u00a0\u00bb0px\u00a0\u00bb border=\u00a0\u00bbnone\u00a0\u00bb bg_video=\u00a0\u00bb\u00a0\u00bb class=\u00a0\u00bb\u00a0\u00bb style=\u00a0\u00bb\u00a0\u00bb][vc_column fade_animation_offset=\u00a0\u00bb45px\u00a0\u00bb width=\u00a0\u00bb1\/3&Prime;][\/vc_column][vc_column fade_animation_offset=\u00a0\u00bb45px\u00a0\u00bb width=\u00a0\u00bb1\/3&Prime;][\/vc_column][vc_column fade_animation_offset=\u00a0\u00bb45px\u00a0\u00bb width=\u00a0\u00bb1\/3&Prime;][\/vc_column][\/vc_row][vc_row padding_top=\u00a0\u00bb0px\u00a0\u00bb padding_bottom=\u00a0\u00bb0px\u00a0\u00bb border=\u00a0\u00bbnone\u00a0\u00bb][vc_column fade_animation_offset=\u00a0\u00bb45px\u00a0\u00bb width=\u00a0\u00bb1\/1&Prime;][\/vc_column][\/vc_row]<\/p>\n","protected":false},"author":152,"featured_media":0,"parent":0,"menu_order":0,"comment_status":"closed","ping_status":"closed","template":"template-blank-1.php","meta":[],"aioseo_notices":[],"_links":{"self":[{"href":"https:\/\/www.eila.org\/fr\/wp-json\/wp\/v2\/pages\/1320\/"}],"collection":[{"href":"https:\/\/www.eila.org\/fr\/wp-json\/wp\/v2\/pages\/"}],"about":[{"href":"https:\/\/www.eila.org\/fr\/wp-json\/wp\/v2\/types\/page\/"}],"author":[{"embeddable":true,"href":"https:\/\/www.eila.org\/fr\/wp-json\/wp\/v2\/users\/152\/"}],"replies":[{"embeddable":true,"href":"https:\/\/www.eila.org\/fr\/wp-json\/wp\/v2\/comments\/?post=1320"}],"version-history":[{"count":14,"href":"https:\/\/www.eila.org\/fr\/wp-json\/wp\/v2\/pages\/1320\/revisions\/"}],"predecessor-version":[{"id":1750,"href":"https:\/\/www.eila.org\/fr\/wp-json\/wp\/v2\/pages\/1320\/revisions\/1750\/"}],"wp:attachment":[{"href":"https:\/\/www.eila.org\/fr\/wp-json\/wp\/v2\/media\/?parent=1320"}],"curies":[{"name":"wp","href":"https:\/\/api.w.org\/{rel}","templated":true}]}}