{"id":1324,"date":"2015-11-15T11:19:44","date_gmt":"2015-11-15T16:19:44","guid":{"rendered":"https:\/\/eila.org\/fr\/?page_id=1324"},"modified":"2015-11-17T16:37:41","modified_gmt":"2015-11-17T21:37:41","slug":"a-propos","status":"publish","type":"page","link":"https:\/\/www.eila.org\/fr\/a-propos\/","title":{"rendered":"A propos"},"content":{"rendered":"[vc_row padding_top=\u00a0\u00bb0px\u00a0\u00bb padding_bottom=\u00a0\u00bb0px\u00a0\u00bb][vc_column fade_animation_offset=\u00a0\u00bb45px\u00a0\u00bb width=\u00a0\u00bb1\/1&Prime;]<p align=\"justify\"><span style=\"font-size: small;\">La Soci\u00e9t\u00e9 a \u00e9t\u00e9 cr\u00e9\u00e9e en vue de resserrer les liens d&rsquo;amiti\u00e9 entre les d\u00e9cideurs, en adoptant toutes les mesures n\u00e9cessaires pour pr\u00e9server leurs conditions de travail, l&rsquo;augmentation de la familiarit\u00e9 avec leur art, l&rsquo;am\u00e9lioration des m\u00e9thodes de formation de leurs \u00e9l\u00e8ves et de mettre en commun l&rsquo;ensemble de leurs ressources et de comp\u00e9tences afin de r\u00e9tablir la lutherie \u00e0 sa grandeur immacul\u00e9e.<\/span><\/p>\n<p align=\"justify\"><span style=\"font-size: small;\">La Soci\u00e9t\u00e9 poursuit aucun but politique, religieux ou philosophiques. Les langues officielles de la Soci\u00e9t\u00e9 sont le fran\u00e7ais et l&rsquo;anglais.<\/span><\/p>\n<p align=\"justify\"><span style=\"font-size: small;\">La Soci\u00e9t\u00e9 a \u00e9t\u00e9 constitu\u00e9e pour une dur\u00e9e illimit\u00e9e.<\/span><\/p>\n[\/vc_column][\/vc_row][vc_row padding_top=\u00a0\u00bb0px\u00a0\u00bb padding_bottom=\u00a0\u00bb0px\u00a0\u00bb][vc_column fade_animation_offset=\u00a0\u00bb45px\u00a0\u00bb width=\u00a0\u00bb1\/2&Prime;]<a  class=\"x-btn x-btn-block\"  href=\"https:\/\/eila.org\/committee\/\"     data-options=\"thumbnail: ''\">Comit\u00e9<\/a>[\/vc_column][vc_column fade_animation_offset=\u00a0\u00bb45px\u00a0\u00bb width=\u00a0\u00bb1\/2&Prime;]<a  class=\"x-btn x-btn-block\"  href=\"https:\/\/eila.org\/executive-board\/\"     data-options=\"thumbnail: ''\">Conseil Ex\u00e9cutif<\/a>[\/vc_column][\/vc_row]\n","protected":false},"excerpt":{"rendered":"<p>[vc_row padding_top=\u00a0\u00bb0px\u00a0\u00bb padding_bottom=\u00a0\u00bb0px\u00a0\u00bb][vc_column fade_animation_offset=\u00a0\u00bb45px\u00a0\u00bb width=\u00a0\u00bb1\/1&Prime;][\/vc_column][\/vc_row][vc_row padding_top=\u00a0\u00bb0px\u00a0\u00bb padding_bottom=\u00a0\u00bb0px\u00a0\u00bb][vc_column fade_animation_offset=\u00a0\u00bb45px\u00a0\u00bb width=\u00a0\u00bb1\/2&Prime;][\/vc_column][vc_column fade_animation_offset=\u00a0\u00bb45px\u00a0\u00bb width=\u00a0\u00bb1\/2&Prime;][\/vc_column][\/vc_row]<\/p>\n","protected":false},"author":11,"featured_media":0,"parent":0,"menu_order":0,"comment_status":"closed","ping_status":"open","template":"template-layout-full-width.php","meta":[],"aioseo_notices":[],"_links":{"self":[{"href":"https:\/\/www.eila.org\/fr\/wp-json\/wp\/v2\/pages\/1324\/"}],"collection":[{"href":"https:\/\/www.eila.org\/fr\/wp-json\/wp\/v2\/pages\/"}],"about":[{"href":"https:\/\/www.eila.org\/fr\/wp-json\/wp\/v2\/types\/page\/"}],"author":[{"embeddable":true,"href":"https:\/\/www.eila.org\/fr\/wp-json\/wp\/v2\/users\/11\/"}],"replies":[{"embeddable":true,"href":"https:\/\/www.eila.org\/fr\/wp-json\/wp\/v2\/comments\/?post=1324"}],"version-history":[{"count":5,"href":"https:\/\/www.eila.org\/fr\/wp-json\/wp\/v2\/pages\/1324\/revisions\/"}],"predecessor-version":[{"id":1433,"href":"https:\/\/www.eila.org\/fr\/wp-json\/wp\/v2\/pages\/1324\/revisions\/1433\/"}],"wp:attachment":[{"href":"https:\/\/www.eila.org\/fr\/wp-json\/wp\/v2\/media\/?parent=1324"}],"curies":[{"name":"wp","href":"https:\/\/api.w.org\/{rel}","templated":true}]}}