{"id":1336,"date":"2015-05-28T15:59:54","date_gmt":"2015-05-28T19:59:54","guid":{"rendered":"https:\/\/eila.org\/fr\/?page_id=1336"},"modified":"2019-05-09T15:52:57","modified_gmt":"2019-05-09T19:52:57","slug":"associate-members","status":"publish","type":"page","link":"https:\/\/www.eila.org\/fr\/associate-members\/","title":{"rendered":"Membres associ\u00e9s et invit\u00e9s"},"content":{"rendered":"[vc_row no_margin=\u00a0\u00bbtrue\u00a0\u00bb padding_top=\u00a0\u00bb0px\u00a0\u00bb padding_bottom=\u00a0\u00bb0px\u00a0\u00bb border=\u00a0\u00bbtop\u00a0\u00bb bg_video=\u00a0\u00bb\u00a0\u00bb class=\u00a0\u00bb\u00a0\u00bb style=\u00a0\u00bb\u00a0\u00bb][vc_column fade_animation=\u00a0\u00bbin\u00a0\u00bb fade_animation_offset=\u00a0\u00bb45px\u00a0\u00bb][vc_column_text]<p><strong>Voici une liste alphab\u00e9tique des membres associ\u00e9s, qui sont les principaux employ\u00e9s de membres titulaires.<\/strong><\/p>\n<table border=\"0\" width=\"100%\" cellspacing=\"0\" cellpadding=\"0\" align=\"left\">\n<tbody>\n<tr>\n<th>Pr\u00e9nom<\/th>\n<th>Nom de famille<\/th>\n<th>Adresse<\/th>\n<th>Adresse 2<\/th>\n<th>Ville<\/th>\n<th>Code<\/th>\n<th>Pays<\/th>\n<th>Mail<\/th>\n<\/tr>\n<tr>\n<td>Barbara<\/td>\n<td>Gateau<\/td>\n<td>c\/o Atelier Kogge-Gateau<\/td>\n<td>\u00a0<span class=\"_Xbe\">Sigmaringer Str. 5<br \/>\n<\/span><\/td>\n<td>\u00a0<span class=\"_Xbe\">Berlin<\/span><\/td>\n<td>\u00a0<span class=\"_Xbe\">10713\u00a0<\/span><\/td>\n<td>Allemagne<\/td>\n<td>&#x62;ar&#x62;&#97;r&#x61;&#64;b&#x79;&#103;a&#x74;&#101;a&#x75;&#x2e;d&#x65;<\/td>\n<\/tr>\n<tr>\n<td>Anette<\/td>\n<td>Goller<\/td>\n<td>c\/o Hieronymus Koestler<\/td>\n<td>Hohenzollernstr 16<\/td>\n<td>STUTTGART<\/td>\n<td>70178<\/td>\n<td>Allemagne<\/td>\n<td><\/td>\n<\/tr>\n<tr>\n<td>Nicolas<\/td>\n<td>LeCanu<\/td>\n<td>c\/o Atelier Loic LeCanu<\/td>\n<td>\u00a056 rue de Rome<\/td>\n<td>\u00a0PARIS<\/td>\n<td>\u00a075008<\/td>\n<td>Allemagne<\/td>\n<td>atelierlecanu&#64;&#104;&#111;&#116;&#109;&#x61;&#x69;&#x6c;&#x2e;&#x66;&#x72;<\/td>\n<\/tr>\n<tr>\n<td>Jonathan<\/td>\n<td>Marolle<\/td>\n<td>c\/o\u00a0 Atelier Jean-Jacques Rampal<\/td>\n<td>11 Bis, Rue Portalis<\/td>\n<td>\u00a0Paris<\/td>\n<td>\u00a075008<\/td>\n<td>France<\/td>\n<td>jonathanmarol&#108;&#101;&#64;&#103;&#109;&#x61;&#x69;&#x6c;&#x2e;&#x63;&#x6f;&#x6d;<\/td>\n<\/tr>\n<tr>\n<td>Ute<\/td>\n<td>Wegerhoff<\/td>\n<td>c\/o Beare Violins Limited<\/td>\n<td>PO Box 569<\/td>\n<td>Tonbridge, Kent<\/td>\n<td>TN9 9LU<\/td>\n<td>R-U<\/td>\n<td>&#117;&#x74;e&#x2e;w&#x65;g&#x65;r&#64;&#x77;&#97;&#x69;t&#x72;o&#x73;e&#46;&#x63;&#111;&#x6d;<\/td>\n<\/tr>\n<tr>\n<td>Gertrud<\/td>\n<td>Reuter<\/td>\n<td>c\/o Roland Baumgartner<\/td>\n<td>Innere Margarethenstrasse 10<\/td>\n<td>Basel<\/td>\n<td>\u00a04051<\/td>\n<td>Suisse<\/td>\n<td>\u00a0g&#x2e;r&#x65;u&#x74;e&#114;&#x40;&#103;&#x6d;x&#x2e;c&#x68;<\/td>\n<\/tr>\n<\/tbody>\n<\/table>\n[\/vc_column_text][\/vc_column][\/vc_row][vc_row no_margin=\u00a0\u00bbtrue\u00a0\u00bb padding_top=\u00a0\u00bb0px\u00a0\u00bb padding_bottom=\u00a0\u00bb0px\u00a0\u00bb border=\u00a0\u00bbtop\u00a0\u00bb bg_video=\u00a0\u00bb\u00a0\u00bb class=\u00a0\u00bb\u00a0\u00bb style=\u00a0\u00bb\u00a0\u00bb][vc_column fade_animation=\u00a0\u00bbin\u00a0\u00bb fade_animation_offset=\u00a0\u00bb45px\u00a0\u00bb][vc_column_text]<p>L<strong>es membres invit\u00e9s sont des luthiers ou archetiers qui ne sont pas qualifi\u00e9s pour devenir membres \u00e0 part enti\u00e8re de l\u2019EILA mais qui ont contribu\u00e9 de mani\u00e8re remarquable au d\u00e9veloppement de notre profession, par exemple par des recherches ou des publications, ou en organisant des expositions.<\/strong><\/p>\n<table border=\"0\" width=\"100%\" cellspacing=\"0\" cellpadding=\"0\" align=\"left\">\n<tbody>\n<tr>\n<th>Pr\u00e9nom<\/th>\n<th>Nom de famille<\/th>\n<th>Adresse<\/th>\n<th>Adresse 2<\/th>\n<th>Ville<\/th>\n<th>Code<\/th>\n<th>Pays<\/th>\n<th>Mail<\/th>\n<\/tr>\n<tr>\n<td>Edda<\/td>\n<td>B\u00fcnnagel<\/td>\n<td><\/td>\n<td>Kalscheurer Weg 49<\/td>\n<td>K\u00f6ln<\/td>\n<td>50969<\/td>\n<td>Allemagne<\/td>\n<td>&#x65;&#x64;&#100;a.&#x62;&#x75;&#101;nn&#x61;&#x67;&#101;l&#64;&#x67;&#x6d;&#x78;.de<\/td>\n<\/tr>\n<tr>\n<td>Philip<\/td>\n<td>Kass<\/td>\n<td><\/td>\n<td>209 East Park Road<\/td>\n<td>Havertown<\/td>\n<td>PA 19083<\/td>\n<td>E-U<\/td>\n<td>p&#x6a;k&#97;&#x73;s&#64;&#x63;o&#x6d;&#x63;a&#x73;t&#46;&#x6e;e&#116;<\/td>\n<\/tr>\n<tr>\n<td>Corn\u00e9lie<\/td>\n<td>M\u00f6ller<\/td>\n<td>c\/o Max M\u00f6ller BV<\/td>\n<td>Willemsparkweg 15<\/td>\n<td>Amsterdam<\/td>\n<td>1071 GN<\/td>\n<td>Pays-Bas<\/td>\n<td>c.e.m&#111;&#108;&#x6c;&#x65;&#x72;&#x40;&#x69;&#x6e;&#x74;erstr&#111;&#111;&#109;&#x2e;&#x6e;&#x6c;<\/td>\n<\/tr>\n<\/tbody>\n<\/table>\n[\/vc_column_text][\/vc_column][\/vc_row]\n","protected":false},"excerpt":{"rendered":"<p>[vc_row no_margin=\u00a0\u00bbtrue\u00a0\u00bb padding_top=\u00a0\u00bb0px\u00a0\u00bb padding_bottom=\u00a0\u00bb0px\u00a0\u00bb border=\u00a0\u00bbtop\u00a0\u00bb bg_video=\u00a0\u00bb\u00a0\u00bb class=\u00a0\u00bb\u00a0\u00bb style=\u00a0\u00bb\u00a0\u00bb][vc_column fade_animation=\u00a0\u00bbin\u00a0\u00bb fade_animation_offset=\u00a0\u00bb45px\u00a0\u00bb][vc_column_text][\/vc_column_text][\/vc_column][\/vc_row][vc_row no_margin=\u00a0\u00bbtrue\u00a0\u00bb padding_top=\u00a0\u00bb0px\u00a0\u00bb padding_bottom=\u00a0\u00bb0px\u00a0\u00bb border=\u00a0\u00bbtop\u00a0\u00bb bg_video=\u00a0\u00bb\u00a0\u00bb class=\u00a0\u00bb\u00a0\u00bb style=\u00a0\u00bb\u00a0\u00bb][vc_column fade_animation=\u00a0\u00bbin\u00a0\u00bb fade_animation_offset=\u00a0\u00bb45px\u00a0\u00bb][vc_column_text][\/vc_column_text][\/vc_column][\/vc_row]<\/p>\n","protected":false},"author":152,"featured_media":0,"parent":0,"menu_order":0,"comment_status":"closed","ping_status":"open","template":"template-layout-full-width.php","meta":[],"aioseo_notices":[],"_links":{"self":[{"href":"https:\/\/www.eila.org\/fr\/wp-json\/wp\/v2\/pages\/1336\/"}],"collection":[{"href":"https:\/\/www.eila.org\/fr\/wp-json\/wp\/v2\/pages\/"}],"about":[{"href":"https:\/\/www.eila.org\/fr\/wp-json\/wp\/v2\/types\/page\/"}],"author":[{"embeddable":true,"href":"https:\/\/www.eila.org\/fr\/wp-json\/wp\/v2\/users\/152\/"}],"replies":[{"embeddable":true,"href":"https:\/\/www.eila.org\/fr\/wp-json\/wp\/v2\/comments\/?post=1336"}],"version-history":[{"count":21,"href":"https:\/\/www.eila.org\/fr\/wp-json\/wp\/v2\/pages\/1336\/revisions\/"}],"predecessor-version":[{"id":2439,"href":"https:\/\/www.eila.org\/fr\/wp-json\/wp\/v2\/pages\/1336\/revisions\/2439\/"}],"wp:attachment":[{"href":"https:\/\/www.eila.org\/fr\/wp-json\/wp\/v2\/media\/?parent=1336"}],"curies":[{"name":"wp","href":"https:\/\/api.w.org\/{rel}","templated":true}]}}