{"id":1352,"date":"2015-11-16T15:20:08","date_gmt":"2015-11-16T20:20:08","guid":{"rendered":"https:\/\/eila.org\/fr\/?page_id=1352"},"modified":"2015-11-19T12:47:36","modified_gmt":"2015-11-19T17:47:36","slug":"nous-joindre","status":"publish","type":"page","link":"https:\/\/www.eila.org\/fr\/nous-joindre\/","title":{"rendered":"Nous contacter"},"content":{"rendered":"[vc_row padding_top=\u00a0\u00bb0px\u00a0\u00bb padding_bottom=\u00a0\u00bb0px\u00a0\u00bb border=\u00a0\u00bbnone\u00a0\u00bb parallax_image=\u00a0\u00bb\u00a0\u00bb][vc_column fade_animation=\u00a0\u00bbin\u00a0\u00bb fade_animation_offset=\u00a0\u00bb45px\u00a0\u00bb width=\u00a0\u00bb1\/1&Prime;]<div  class=\"x-columnize\" >Secr\u00e9taire G\u00e9n\u00e9ral<br \/>\n8 Elm Street<br \/>\nHuntington, NY 11743<br \/>\nUSA<br \/>\n1.212.581.6226<\/p>\n<p><\/div>\n<hr  class=\"x-hr\" ><div role=\"form\" class=\"wpcf7\" id=\"wpcf7-f15-o1\" lang=\"en-US\" dir=\"ltr\">\n<div class=\"screen-reader-response\"><p role=\"status\" aria-live=\"polite\" aria-atomic=\"true\"><\/p> <ul><\/ul><\/div>\n<form action=\"\/fr\/wp-json\/wp\/v2\/pages\/1352\/#wpcf7-f15-o1\" method=\"post\" class=\"wpcf7-form init\" novalidate=\"novalidate\" data-status=\"init\">\n<div style=\"display: none;\">\n<input type=\"hidden\" name=\"_wpcf7\" value=\"15\" \/>\n<input type=\"hidden\" name=\"_wpcf7_version\" value=\"5.5.6.1\" \/>\n<input type=\"hidden\" name=\"_wpcf7_locale\" value=\"en_US\" \/>\n<input type=\"hidden\" name=\"_wpcf7_unit_tag\" value=\"wpcf7-f15-o1\" \/>\n<input type=\"hidden\" name=\"_wpcf7_container_post\" value=\"0\" \/>\n<input type=\"hidden\" name=\"_wpcf7_posted_data_hash\" value=\"\" \/>\n<\/div>\n<p>Your Name (required)<br \/>\n    <span class=\"wpcf7-form-control-wrap your-name\"><input type=\"text\" name=\"your-name\" value=\"\" size=\"40\" class=\"wpcf7-form-control wpcf7-text wpcf7-validates-as-required\" aria-required=\"true\" aria-invalid=\"false\" \/><\/span> <\/p>\n<p>Your Email (required)<br \/>\n    <span class=\"wpcf7-form-control-wrap your-email\"><input type=\"email\" name=\"your-email\" value=\"\" size=\"40\" class=\"wpcf7-form-control wpcf7-text wpcf7-email wpcf7-validates-as-required wpcf7-validates-as-email\" aria-required=\"true\" aria-invalid=\"false\" \/><\/span> <\/p>\n<p>Subject (required)<br \/>\n    <span class=\"wpcf7-form-control-wrap your-subject\"><input type=\"text\" name=\"your-subject\" value=\"\" size=\"40\" class=\"wpcf7-form-control wpcf7-text wpcf7-validates-as-required\" aria-required=\"true\" aria-invalid=\"false\" \/><\/span> <\/p>\n<p>Your Message<br \/>\n    <span class=\"wpcf7-form-control-wrap your-message\"><textarea name=\"your-message\" cols=\"40\" rows=\"10\" class=\"wpcf7-form-control wpcf7-textarea\" aria-invalid=\"false\"><\/textarea><\/span> <\/p>\n<p><input type=\"submit\" value=\"Send\" class=\"wpcf7-form-control has-spinner wpcf7-submit\" \/><\/p>\n<div class=\"wpcf7-response-output\" aria-hidden=\"true\"><\/div><\/form><\/div>[\/vc_column][\/vc_row]\n","protected":false},"excerpt":{"rendered":"<p>[vc_row padding_top=\u00a0\u00bb0px\u00a0\u00bb padding_bottom=\u00a0\u00bb0px\u00a0\u00bb border=\u00a0\u00bbnone\u00a0\u00bb parallax_image=\u00a0\u00bb\u00a0\u00bb][vc_column fade_animation=\u00a0\u00bbin\u00a0\u00bb fade_animation_offset=\u00a0\u00bb45px\u00a0\u00bb width=\u00a0\u00bb1\/1&Prime;][\/vc_column][\/vc_row]<\/p>\n","protected":false},"author":11,"featured_media":0,"parent":0,"menu_order":0,"comment_status":"closed","ping_status":"open","template":"template-blank-1.php","meta":[],"aioseo_notices":[],"_links":{"self":[{"href":"https:\/\/www.eila.org\/fr\/wp-json\/wp\/v2\/pages\/1352\/"}],"collection":[{"href":"https:\/\/www.eila.org\/fr\/wp-json\/wp\/v2\/pages\/"}],"about":[{"href":"https:\/\/www.eila.org\/fr\/wp-json\/wp\/v2\/types\/page\/"}],"author":[{"embeddable":true,"href":"https:\/\/www.eila.org\/fr\/wp-json\/wp\/v2\/users\/11\/"}],"replies":[{"embeddable":true,"href":"https:\/\/www.eila.org\/fr\/wp-json\/wp\/v2\/comments\/?post=1352"}],"version-history":[{"count":3,"href":"https:\/\/www.eila.org\/fr\/wp-json\/wp\/v2\/pages\/1352\/revisions\/"}],"predecessor-version":[{"id":1441,"href":"https:\/\/www.eila.org\/fr\/wp-json\/wp\/v2\/pages\/1352\/revisions\/1441\/"}],"wp:attachment":[{"href":"https:\/\/www.eila.org\/fr\/wp-json\/wp\/v2\/media\/?parent=1352"}],"curies":[{"name":"wp","href":"https:\/\/api.w.org\/{rel}","templated":true}]}}