{"id":1359,"date":"2015-11-16T16:25:08","date_gmt":"2015-11-16T21:25:08","guid":{"rendered":"https:\/\/eila.org\/fr\/?page_id=1359"},"modified":"2024-01-09T08:54:25","modified_gmt":"2024-01-09T13:54:25","slug":"bureau","status":"publish","type":"page","link":"https:\/\/www.eila.org\/fr\/bureau\/","title":{"rendered":"Bureau"},"content":{"rendered":"[vc_row no_margin=\u00a0\u00bbtrue\u00a0\u00bb][vc_column width=\u00a0\u00bb1\/1&Prime;]<p>Le Bureau se compose du pr\u00e9sident, du vice-pr\u00e9sident, le secr\u00e9taire g\u00e9n\u00e9ral, et le tr\u00e9sorier g\u00e9n\u00e9ral.<\/p>\n<p><strong>2023-2025 Bureau EILA<\/strong><\/p>\n\n<table border=\"0\" width=\"100%\" cellspacing=\"2\" cellpadding=\"2\">\n<tbody>\n<tr>\n<td width=\"15%\"><strong>Pr\u00e9sident<\/strong>:<\/td>\n<td width=\"85%\"><a href=\"https:\/\/www.eila.org\/profile\/91\/\">Simeone Morassi<\/a><\/td>\n<\/tr>\n<tr>\n<td><strong>Vice-Pr\u00e9sident<\/strong>:<\/td>\n<td><a href=\"https:\/\/www.eila.org\/profile\/17\/\">Paul Barter<\/a><\/td>\n<\/tr>\n<tr>\n<td><strong>Secr\u00e9taire G\u00e9n\u00e9ral<\/strong>:<\/td>\n<td><a href=\"https:\/\/eila.org\/profile\/Charles-J.\/\">Charles Rufino<\/a><\/td>\n<\/tr>\n<tr>\n<td><strong>Tr\u00e9sorier G\u00e9n\u00e9ral<\/strong>:<\/td>\n<td><a href=\"https:\/\/www.eila.org\/profile\/102\/\">Nicolas Perrin<\/a><\/td>\n<\/tr>\n<\/tbody>\n<\/table>\n[\/vc_column][\/vc_row][vc_row][vc_column width=\u00a0\u00bb1\/1&Prime;][\/vc_column][\/vc_row]\n","protected":false},"excerpt":{"rendered":"<p>[vc_row no_margin=\u00a0\u00bbtrue\u00a0\u00bb][vc_column width=\u00a0\u00bb1\/1&Prime;] Pr\u00e9sident: Simeone Morassi Vice-Pr\u00e9sident: Paul Barter Secr\u00e9taire G\u00e9n\u00e9ral: Charles Rufino Tr\u00e9sorier G\u00e9n\u00e9ral: Nicolas Perrin [\/vc_column][\/vc_row][vc_row][vc_column width=\u00a0\u00bb1\/1&Prime;][\/vc_column][\/vc_row]<\/p>\n","protected":false},"author":152,"featured_media":0,"parent":0,"menu_order":0,"comment_status":"closed","ping_status":"open","template":"template-layout-full-width.php","meta":[],"aioseo_notices":[],"_links":{"self":[{"href":"https:\/\/www.eila.org\/fr\/wp-json\/wp\/v2\/pages\/1359\/"}],"collection":[{"href":"https:\/\/www.eila.org\/fr\/wp-json\/wp\/v2\/pages\/"}],"about":[{"href":"https:\/\/www.eila.org\/fr\/wp-json\/wp\/v2\/types\/page\/"}],"author":[{"embeddable":true,"href":"https:\/\/www.eila.org\/fr\/wp-json\/wp\/v2\/users\/152\/"}],"replies":[{"embeddable":true,"href":"https:\/\/www.eila.org\/fr\/wp-json\/wp\/v2\/comments\/?post=1359"}],"version-history":[{"count":7,"href":"https:\/\/www.eila.org\/fr\/wp-json\/wp\/v2\/pages\/1359\/revisions\/"}],"predecessor-version":[{"id":3049,"href":"https:\/\/www.eila.org\/fr\/wp-json\/wp\/v2\/pages\/1359\/revisions\/3049\/"}],"wp:attachment":[{"href":"https:\/\/www.eila.org\/fr\/wp-json\/wp\/v2\/media\/?parent=1359"}],"curies":[{"name":"wp","href":"https:\/\/api.w.org\/{rel}","templated":true}]}}