{"id":1413,"date":"2015-11-17T15:39:39","date_gmt":"2015-11-17T20:39:39","guid":{"rendered":"https:\/\/eila.org\/fr\/?page_id=1413"},"modified":"2015-11-17T15:40:34","modified_gmt":"2015-11-17T20:40:34","slug":"liste-devenements-prives","status":"publish","type":"page","link":"https:\/\/www.eila.org\/fr\/liste-devenements-prives\/","title":{"rendered":"\u00c9v\u00e9nements priv\u00e9s"},"content":{"rendered":"[vc_row padding_top=\u00a0\u00bb0px\u00a0\u00bb padding_bottom=\u00a0\u00bb0px\u00a0\u00bb][vc_column fade_animation_offset=\u00a0\u00bb45px\u00a0\u00bb]<div  class=\"x-recent-posts cf horizontal\"  data-x-element=\"recent_posts\" data-x-params=\"{&quot;fade&quot;:true}\"  data-fade=\"true\" ><\/div>[\/vc_column][\/vc_row]\n","protected":false},"excerpt":{"rendered":"<p>[vc_row padding_top=\u00a0\u00bb0px\u00a0\u00bb padding_bottom=\u00a0\u00bb0px\u00a0\u00bb][vc_column fade_animation_offset=\u00a0\u00bb45px\u00a0\u00bb][\/vc_column][\/vc_row]<\/p>\n","protected":false},"author":11,"featured_media":0,"parent":0,"menu_order":0,"comment_status":"closed","ping_status":"open","template":"","meta":[],"aioseo_notices":[],"_links":{"self":[{"href":"https:\/\/www.eila.org\/fr\/wp-json\/wp\/v2\/pages\/1413\/"}],"collection":[{"href":"https:\/\/www.eila.org\/fr\/wp-json\/wp\/v2\/pages\/"}],"about":[{"href":"https:\/\/www.eila.org\/fr\/wp-json\/wp\/v2\/types\/page\/"}],"author":[{"embeddable":true,"href":"https:\/\/www.eila.org\/fr\/wp-json\/wp\/v2\/users\/11\/"}],"replies":[{"embeddable":true,"href":"https:\/\/www.eila.org\/fr\/wp-json\/wp\/v2\/comments\/?post=1413"}],"version-history":[{"count":2,"href":"https:\/\/www.eila.org\/fr\/wp-json\/wp\/v2\/pages\/1413\/revisions\/"}],"predecessor-version":[{"id":1415,"href":"https:\/\/www.eila.org\/fr\/wp-json\/wp\/v2\/pages\/1413\/revisions\/1415\/"}],"wp:attachment":[{"href":"https:\/\/www.eila.org\/fr\/wp-json\/wp\/v2\/media\/?parent=1413"}],"curies":[{"name":"wp","href":"https:\/\/api.w.org\/{rel}","templated":true}]}}