{"id":1443,"date":"2015-11-19T12:57:38","date_gmt":"2015-11-19T17:57:38","guid":{"rendered":"https:\/\/eila.org\/fr\/?page_id=1443"},"modified":"2015-11-19T13:41:45","modified_gmt":"2015-11-19T18:41:45","slug":"autorisations","status":"publish","type":"page","link":"https:\/\/www.eila.org\/fr\/autorisations\/","title":{"rendered":"autorisations"},"content":{"rendered":"<p>S&rsquo;il vous pla\u00eet <a title=\"Login\" href=\"https:\/\/eila.org\/profile\/login\/\">enregistrez-vous<\/a>. Si vous \u00eates d\u00e9j\u00e0 enregistr\u00e9 et voyez ce message, cela signifie que vous pourriez ne pas avoir les autorisations n\u00e9cessaires pour voir cette page. Si vous avez des questions, veuillez nous <a href=\"https:\/\/eila.org\/contact-us\/\" target=\"_blank\">contacter <\/a>. Merci.<\/p>\n","protected":false},"excerpt":{"rendered":"<p>S&rsquo;il vous pla\u00eet enregistrez-vous. Si vous \u00eates d\u00e9j\u00e0 enregistr\u00e9 et voyez ce message, cela signifie que vous pourriez ne pas avoir les autorisations n\u00e9cessaires pour voir cette page. Si vous avez des questions, veuillez nous contacter . Merci.<\/p>\n","protected":false},"author":11,"featured_media":0,"parent":0,"menu_order":0,"comment_status":"closed","ping_status":"closed","template":"","meta":[],"aioseo_notices":[],"_links":{"self":[{"href":"https:\/\/www.eila.org\/fr\/wp-json\/wp\/v2\/pages\/1443\/"}],"collection":[{"href":"https:\/\/www.eila.org\/fr\/wp-json\/wp\/v2\/pages\/"}],"about":[{"href":"https:\/\/www.eila.org\/fr\/wp-json\/wp\/v2\/types\/page\/"}],"author":[{"embeddable":true,"href":"https:\/\/www.eila.org\/fr\/wp-json\/wp\/v2\/users\/11\/"}],"replies":[{"embeddable":true,"href":"https:\/\/www.eila.org\/fr\/wp-json\/wp\/v2\/comments\/?post=1443"}],"version-history":[{"count":4,"href":"https:\/\/www.eila.org\/fr\/wp-json\/wp\/v2\/pages\/1443\/revisions\/"}],"predecessor-version":[{"id":1447,"href":"https:\/\/www.eila.org\/fr\/wp-json\/wp\/v2\/pages\/1443\/revisions\/1447\/"}],"wp:attachment":[{"href":"https:\/\/www.eila.org\/fr\/wp-json\/wp\/v2\/media\/?parent=1443"}],"curies":[{"name":"wp","href":"https:\/\/api.w.org\/{rel}","templated":true}]}}