{"id":1487,"date":"2015-12-07T18:00:58","date_gmt":"2015-12-07T23:00:58","guid":{"rendered":"https:\/\/eila.org\/fr\/?page_id=1487"},"modified":"2015-12-07T18:00:58","modified_gmt":"2015-12-07T23:00:58","slug":"assurance","status":"publish","type":"page","link":"https:\/\/www.eila.org\/fr\/assurance\/","title":{"rendered":"Assurance"},"content":{"rendered":"[vc_row no_margin=\u00a0\u00bbtrue\u00a0\u00bb padding_top=\u00a0\u00bb0px\u00a0\u00bb padding_bottom=\u00a0\u00bb0px\u00a0\u00bb bg_video=\u00a0\u00bb\u00a0\u00bb class=\u00a0\u00bb\u00a0\u00bb style=\u00a0\u00bb\u00a0\u00bb][vc_column fade_animation_offset=\u00a0\u00bb45px\u00a0\u00bb width=\u00a0\u00bb1\/1&Prime;]<p>Avec une bonne couverture, un instrument endommag\u00e9 sera r\u00e9par\u00e9 par le luthier ou l\u2019archetier de votre choix ou remplac\u00e9 \u00e0 un co\u00fbt minime. De plus, une indemnit\u00e9 vous sera vers\u00e9e, suite aux r\u00e9parations, si les dommages infligent une perte de valeur. Assurez-vous d\u2019\u00eatre en possession d&rsquo;une \u00e9valuation d&rsquo;assurance en cours. La plupart des luthiers ou archetiers vous fourniront ce document gratuitement au moment de l&rsquo;achat. Gardez l&rsquo;original avec votre facture d&rsquo;achat et envoyer une copie \u00e0 votre assureur.<\/p>\n<p>V\u00e9rifiez que la compagnie d&rsquo;assurance, \u00e9mettrice du contrat (\u300al\u2019assureur\u300b), \u00e9mettra un paiement quelque soit les pertes ou dommages. Assurez-vous que, le choix du luthier ou archetier ne vous soit pas impos\u00e9, ainsi que vous soyez en mesure de b\u00e9n\u00e9ficier d\u2019un instrument de remplacement durant les r\u00e9parations. Soyez s\u00fbr que vous faites une bonnes compr\u00e9hension des exclusions pour lesquelles le bien, mentionn\u00e9 dans le contrat, peuvent annuler votre protection; \u00e0 savoir, le vol de votre bien alors qu\u2019il se trouvait dans une automobile ou les changements hydrom\u00e9triques.<\/p>\n<p>Nous vous recommandons d&rsquo;assurer vos instruments avec une compagnie d\u2019assurance sp\u00e9cialiste des instruments de musique. Si vous \u00eates un professionnel, les couts reli\u00e9s aux frais pour assurance sont d\u00e9ductibles d&rsquo;imp\u00f4t. La politique de plusieurs compagnies propose une couverture pour instrument dont la valeur soit d\u2019un minimum de 10 000 $. De ce fait, une collection d&rsquo;instruments de valeur mod\u00e9r\u00e9e peut \u00eatre couverte par la m\u00eame police sans co\u00fbt suppl\u00e9mentaire.<\/p>\n<p><strong>Instruments de musique<\/strong><\/p>\n<p>Pour la plupart des assurances g\u00e9n\u00e9rales d\u2019habitation proposent de faibles primes pour assurer votre instrument et archet, cependant elles occasionnent certaines probl\u00e9matiques : en voici quelques exemples :<\/p>\n<ol>\n<li>L\u2019usage professionnel d&rsquo;un instrument ne sera pas couvert et, dans certains cas, la police d\u2019assurance sera annul\u00e9e si jamais un bris survenait lors d\u2019une prestation r\u00e9mun\u00e9r\u00e9e, quelque soit la r\u00e9mun\u00e9ration.<\/li>\n<li>La valeur des instruments assur\u00e9s peut \u00eatre d\u00e9termin\u00e9e au moment de la perte ou du dommage. M\u00eame si une \u00e9valuation a \u00e9t\u00e9 requise \u00e0 la souscription de la couverture, l&rsquo;assureur peut forcer le r\u00e8glement en arbitrage ou le proc\u00e8s. \u00abCouverture valeur agr\u00e9\u00e9e \u00bb, garantit \u00e0 l\u2019assur\u00e9 le paiement en cas de perte, ce qu\u2019une assurance habitation garantit rarement.<\/li>\n<li>Ces compagnies ont g\u00e9n\u00e9ralement une connaissance limit\u00e9e des valeurs d&rsquo;instruments de musique, la d\u00e9valuation, les co\u00fbts de r\u00e9paration, etc. Un manque de ce type de connaissance peut ralentir le processus d\u2019indemnisation d\u2019une r\u00e9clamation.<\/li>\n<li>Plusieurs compagnies d&rsquo;assurance habitation n\u2019acceptent pas d\u2019assurer les instruments de musique de grande valeur.<\/li>\n<li>Les formulaires de r\u00e9clamation des assurances habitations ne prennent pas en consid\u00e9ration la possible perte de valeur en cas de dommage important.<\/li>\n<\/ol>\n<p><strong>La couverture \u00ab perte de valeur \u00bb<\/strong><\/p>\n<p>L\u2019assurance \u00ab perte de valeur \u00bb indemnise la perte de valeur en cas de dommages importants. Les instruments et archets de grande valeur sont particuli\u00e8rement affect\u00e9s \u00e0 une telle perte. Le refus de la compagnie d\u2019assurance de rembourser une perte de valeur faute d\u2019avoir souscrit \u00e0 une telle assurance, peut \u00eatre d\u00e9vastateur.<\/p>\n<p>Imaginez un violon, assur\u00e9 pour 200 000 $, endommag\u00e9 dans un accident. Le co\u00fbt de la restauration est de 30.000 $. Les dommages ont occasionn\u00e9 une perte de valeur de l&rsquo;instrument de 90 000 $. Le paiement total sera donc de 120 000 $ \u00e9tant donn\u00e9 que l&rsquo;instrument ne repr\u00e9sente plus la m\u00eame valeur de vente qu&rsquo;avant l\u2019accident<\/p>\n<p>Maintenant, imaginez un archet d&rsquo;une valeur de 30 000 $ ayant subi un accident dans lequel la t\u00eate est bris\u00e9e. L&rsquo;orchestre qui a fourni l&rsquo;assurance du musicien avait une politique excluant la clause \u00ab perte de valeur \u00bb. La compagnie d&rsquo;assurance offrira 400,00 $ pour r\u00e9parer l&rsquo;archet. La perte de valeur de 25 000,00 $ ne sera pas d\u00e9dommag\u00e9e.<\/p>\n<p>La plupart des assurances non sp\u00e9cifiques aux instruments de musique ne comporte pas de clause contre la perte de valeur. Elles ne fournissent donc pas une telle couverture. De nombreux experts en sinistres ne sont pas \u00e0 l&rsquo;aise avec le concept de la perte de valeur, ce qui devrait \u00eatre clairement \u00e9nonc\u00e9 dans la police d\u2019assurance. Si vous avez des questions au sujet de la qualit\u00e9 de la couverture de votre instrument, contactez votre agent.<\/p>\n[\/vc_column][\/vc_row]\n","protected":false},"excerpt":{"rendered":"<p>[vc_row no_margin=\u00a0\u00bbtrue\u00a0\u00bb padding_top=\u00a0\u00bb0px\u00a0\u00bb padding_bottom=\u00a0\u00bb0px\u00a0\u00bb bg_video=\u00a0\u00bb\u00a0\u00bb class=\u00a0\u00bb\u00a0\u00bb style=\u00a0\u00bb\u00a0\u00bb][vc_column fade_animation_offset=\u00a0\u00bb45px\u00a0\u00bb width=\u00a0\u00bb1\/1&Prime;][\/vc_column][\/vc_row]<\/p>\n","protected":false},"author":11,"featured_media":0,"parent":0,"menu_order":0,"comment_status":"closed","ping_status":"open","template":"template-layout-full-width.php","meta":[],"aioseo_notices":[],"_links":{"self":[{"href":"https:\/\/www.eila.org\/fr\/wp-json\/wp\/v2\/pages\/1487\/"}],"collection":[{"href":"https:\/\/www.eila.org\/fr\/wp-json\/wp\/v2\/pages\/"}],"about":[{"href":"https:\/\/www.eila.org\/fr\/wp-json\/wp\/v2\/types\/page\/"}],"author":[{"embeddable":true,"href":"https:\/\/www.eila.org\/fr\/wp-json\/wp\/v2\/users\/11\/"}],"replies":[{"embeddable":true,"href":"https:\/\/www.eila.org\/fr\/wp-json\/wp\/v2\/comments\/?post=1487"}],"version-history":[{"count":3,"href":"https:\/\/www.eila.org\/fr\/wp-json\/wp\/v2\/pages\/1487\/revisions\/"}],"predecessor-version":[{"id":1490,"href":"https:\/\/www.eila.org\/fr\/wp-json\/wp\/v2\/pages\/1487\/revisions\/1490\/"}],"wp:attachment":[{"href":"https:\/\/www.eila.org\/fr\/wp-json\/wp\/v2\/media\/?parent=1487"}],"curies":[{"name":"wp","href":"https:\/\/api.w.org\/{rel}","templated":true}]}}