{"id":1527,"date":"2015-12-14T07:28:46","date_gmt":"2015-12-14T12:28:46","guid":{"rendered":"https:\/\/eila.org\/fr\/?page_id=1527"},"modified":"2020-09-15T19:55:52","modified_gmt":"2020-09-15T23:55:52","slug":"membres-dhonneur","status":"publish","type":"page","link":"https:\/\/www.eila.org\/fr\/membres-dhonneur\/","title":{"rendered":"Membres d&rsquo;honneur"},"content":{"rendered":"[vc_row no_margin=\u00a0\u00bbtrue\u00a0\u00bb padding_top=\u00a0\u00bb0px\u00a0\u00bb padding_bottom=\u00a0\u00bb0px\u00a0\u00bb border=\u00a0\u00bbnone\u00a0\u00bb][vc_column fade_animation=\u00a0\u00bbin\u00a0\u00bb fade_animation_offset=\u00a0\u00bb45px\u00a0\u00bb][vc_column_text]\n<p>Le titre de membre d&rsquo;honneur peut \u00eatre d\u00e9cern\u00e9 \u00e0 tout membre \u00e0 part enti\u00e8re de l&rsquo;EILA qui a apport\u00e9 une contribution exceptionnelle soit \u00e0 l&rsquo;EILA soit \u00e0 la profession.<\/p>\n<p><a href=\"https:\/\/www.eila.org\/profile\/19\/\">Roland Baumgartner<\/a>, Suisse<\/p>\n<p><a href=\"https:\/\/eila.org\/profile\/22\/\">Charles Beare,<\/a> Royaume-Uni<\/p>\n<p><a href=\"https:\/\/www.eila.org\/profile\/65\/\">Mads Hjorth<\/a>, Danemark<\/p>\n<p><a href=\"https:\/\/www.eila.org\/profile\/138\/\">Serge M. Stam<\/a>, Pay-Bas<\/p>\n\n[\/vc_column_text][\/vc_column][\/vc_row]\n","protected":false},"excerpt":{"rendered":"<p>[vc_row no_margin=\u00a0\u00bbtrue\u00a0\u00bb padding_top=\u00a0\u00bb0px\u00a0\u00bb padding_bottom=\u00a0\u00bb0px\u00a0\u00bb border=\u00a0\u00bbnone\u00a0\u00bb][vc_column fade_animation=\u00a0\u00bbin\u00a0\u00bb fade_animation_offset=\u00a0\u00bb45px\u00a0\u00bb][vc_column_text] [\/vc_column_text][\/vc_column][\/vc_row]<\/p>\n","protected":false},"author":152,"featured_media":0,"parent":0,"menu_order":0,"comment_status":"closed","ping_status":"open","template":"template-layout-full-width.php","meta":[],"aioseo_notices":[],"_links":{"self":[{"href":"https:\/\/www.eila.org\/fr\/wp-json\/wp\/v2\/pages\/1527\/"}],"collection":[{"href":"https:\/\/www.eila.org\/fr\/wp-json\/wp\/v2\/pages\/"}],"about":[{"href":"https:\/\/www.eila.org\/fr\/wp-json\/wp\/v2\/types\/page\/"}],"author":[{"embeddable":true,"href":"https:\/\/www.eila.org\/fr\/wp-json\/wp\/v2\/users\/152\/"}],"replies":[{"embeddable":true,"href":"https:\/\/www.eila.org\/fr\/wp-json\/wp\/v2\/comments\/?post=1527"}],"version-history":[{"count":5,"href":"https:\/\/www.eila.org\/fr\/wp-json\/wp\/v2\/pages\/1527\/revisions\/"}],"predecessor-version":[{"id":2792,"href":"https:\/\/www.eila.org\/fr\/wp-json\/wp\/v2\/pages\/1527\/revisions\/2792\/"}],"wp:attachment":[{"href":"https:\/\/www.eila.org\/fr\/wp-json\/wp\/v2\/media\/?parent=1527"}],"curies":[{"name":"wp","href":"https:\/\/api.w.org\/{rel}","templated":true}]}}