{"id":1562,"date":"2015-12-17T15:42:12","date_gmt":"2015-12-17T20:42:12","guid":{"rendered":"https:\/\/eila.org\/fr\/?page_id=1562"},"modified":"2015-12-23T19:46:33","modified_gmt":"2015-12-24T00:46:33","slug":"liens","status":"publish","type":"page","link":"https:\/\/www.eila.org\/fr\/liens\/","title":{"rendered":"Liens"},"content":{"rendered":"[vc_row no_margin=\u00a0\u00bbtrue\u00a0\u00bb padding_top=\u00a0\u00bb0px\u00a0\u00bb padding_bottom=\u00a0\u00bb0px\u00a0\u00bb border=\u00a0\u00bbnone\u00a0\u00bb bg_video=\u00a0\u00bb\u00a0\u00bb class=\u00a0\u00bb\u00a0\u00bb style=\u00a0\u00bb\u00a0\u00bb][vc_column fade_animation_offset=\u00a0\u00bb45px\u00a0\u00bb width=\u00a0\u00bb1\/1&Prime;]<p>Ces liens sont fournis \u00e0 titre de commodit\u00e9 et \u00e0 titre informatif seulement. Ils ne constituent pas une approbation ou une homologation par l&rsquo;EILA des produits, services ou opinions de l&rsquo;organisation ou des individus. L\u2019Entente ne porte aucune responsabilit\u00e9 pour l&rsquo;exactitude, la l\u00e9galit\u00e9, ou le contenu du site externe, ou pour celle des liens suivants. S&rsquo;il vous pla\u00eet contacter le site externe pour les r\u00e9ponses aux questions concernant son contenu.<\/p>\n<p><a href=\"http:\/\/www.geigenbauerverband.org\" target=\"_blank\">Der Verband Deutscher Geigenbauer und Bogenmacher<\/a><br \/>\n<a href=\"http:\/\/www.musikrat.de\/\" target=\"_blank\">Deutscher Musikrat<\/a><br \/>\n<a href=\"http:\/\/www.ipci-deutschland.org\" target=\"_blank\">IPCI-Deutschland e.V.<\/a><br \/>\n<a href=\"http:\/\/www.eben-holz.org\" target=\"_blank\">EBEN ! HOLZ e.V.<\/a><\/p>\n<p><a href=\"http:\/\/www.bvma.org.uk\/\" target=\"_blank\">The British Violin Making Association<\/a><\/p>\n<p><a href=\"https:\/\/www.larkinsurance.co.uk\/\" target=\"_blank\">Lark Insurance<\/a><\/p>\n<p><a href=\"http:\/\/www.glaaf.fr\/\" target=\"_blank\">Groupement des Luthiers et Archetiers d\u2019Art de France<\/a><br \/>\n<a href=\"http:\/\/www.aladfi.com\" target=\"_blank\">L\u2019Association des Luthiers et Archetiers pour le D\u00e9veloppement de la Facture Instrumentale<\/a><\/p>\n<p><a href=\"http:\/\/www.geigenbauer.ch\/\" target=\"_blank\">Schweizer Verband der Geigenbauer und Bogenmacher<\/a><\/p>\n<p><a href=\"http:\/\/www.luthier-aelap.org\/\" target=\"_blank\">Asociaci\u00f3n Espa\u00f1ola de Luthiers y Arqueteros Profesionales<\/a><\/p>\n<p><a href=\"http:\/\/www.geigenbauverband.at\" target=\"_blank\">Verbandes \u00d6sterreichischer Geigenbauer<\/a><\/p>\n<p><a href=\"http:\/\/www.violinbyggarmastarna.se\/\" target=\"_blank\">Sveriges Violinbyggarm\u00e4stare<\/a><\/p>\n<p><a href=\"http:\/\/afvbm.com\/\" target=\"_blank\">American Federation of Violin and Bow Makers <\/a><br \/>\n<a href=\"http:\/\/www.luth.org\" target=\"_blank\">Guild of American Luthiers<\/a><br \/>\n<a href=\"http:\/\/vsa.to\/\" target=\"_blank\">The Violin Society of America <\/a><br \/>\n<a href=\"http:\/\/www.ipci-usa.org\/\" target=\"_blank\">IPCI USA <\/a><\/p>\n<p><a href=\"http:\/\/www.ipci-canada.org\/\" target=\"_blank\">IPCI Canada<\/a><\/p>\n<p><a href=\"http:\/\/avma.org.au\/\" target=\"_blank\">Australian Violin Makers Association<\/a><\/p>\n[\/vc_column][\/vc_row]\n","protected":false},"excerpt":{"rendered":"<p>[vc_row no_margin=\u00a0\u00bbtrue\u00a0\u00bb padding_top=\u00a0\u00bb0px\u00a0\u00bb padding_bottom=\u00a0\u00bb0px\u00a0\u00bb border=\u00a0\u00bbnone\u00a0\u00bb bg_video=\u00a0\u00bb\u00a0\u00bb class=\u00a0\u00bb\u00a0\u00bb style=\u00a0\u00bb\u00a0\u00bb][vc_column fade_animation_offset=\u00a0\u00bb45px\u00a0\u00bb width=\u00a0\u00bb1\/1&Prime;][\/vc_column][\/vc_row]<\/p>\n","protected":false},"author":11,"featured_media":0,"parent":0,"menu_order":0,"comment_status":"closed","ping_status":"open","template":"template-layout-full-width.php","meta":[],"aioseo_notices":[],"_links":{"self":[{"href":"https:\/\/www.eila.org\/fr\/wp-json\/wp\/v2\/pages\/1562\/"}],"collection":[{"href":"https:\/\/www.eila.org\/fr\/wp-json\/wp\/v2\/pages\/"}],"about":[{"href":"https:\/\/www.eila.org\/fr\/wp-json\/wp\/v2\/types\/page\/"}],"author":[{"embeddable":true,"href":"https:\/\/www.eila.org\/fr\/wp-json\/wp\/v2\/users\/11\/"}],"replies":[{"embeddable":true,"href":"https:\/\/www.eila.org\/fr\/wp-json\/wp\/v2\/comments\/?post=1562"}],"version-history":[{"count":3,"href":"https:\/\/www.eila.org\/fr\/wp-json\/wp\/v2\/pages\/1562\/revisions\/"}],"predecessor-version":[{"id":1763,"href":"https:\/\/www.eila.org\/fr\/wp-json\/wp\/v2\/pages\/1562\/revisions\/1763\/"}],"wp:attachment":[{"href":"https:\/\/www.eila.org\/fr\/wp-json\/wp\/v2\/media\/?parent=1562"}],"curies":[{"name":"wp","href":"https:\/\/api.w.org\/{rel}","templated":true}]}}