{"id":2187,"date":"2017-05-29T15:26:17","date_gmt":"2017-05-29T19:26:17","guid":{"rendered":"https:\/\/www.eila.org\/in-memoriam\/"},"modified":"2025-01-20T07:20:29","modified_gmt":"2025-01-20T12:20:29","slug":"in-memoriam","status":"publish","type":"page","link":"https:\/\/www.eila.org\/fr\/in-memoriam\/","title":{"rendered":"In Memoriam"},"content":{"rendered":"[vc_row][vc_column][vc_column_text]\n<p><span id=\"result_box\" class=\"\" lang=\"fr\"><span class=\"\">Nous rendons hommage \u00e0 ces membres de l&rsquo;Entente Internationale des Luthiers et Archetiers dont on sait qu&rsquo;ils sont d\u00e9c\u00e9d\u00e9s et nous adressons nos condol\u00e9ances et leurs condol\u00e9ances \u00e0 leurs familles, \u00e0 leurs coll\u00e8gues et \u00e0 leurs amis.<\/span><\/span><\/p>\n<p>d. 2025   John Topham, R-U<br \/>\nd. 2024   Otto Karl Schenk, Suisse<br \/>\nd. 2024   Amnon Weinstein, \u00c9tats-Unis<br \/>\nd. 2024   Roger Zabinski, \u00c9tats-Unis<br \/>\nd. 2021   Jean Werro, Suisse<br \/>\nd. 2021   Philippe Dupuy, France<br \/>\nd. 2021   William Monical, \u00c9tats-Unis<br \/>\nd. 2020   Soroku Murata, Japon<br \/>\nd. 2019   Paul Martin Siefried, \u00c9tats-Unis<br \/>\nd. 2019   Renato Scrollavezza, Italie<br \/>\nd. 2018   Ren\u00e9 Quenoil, France<br \/>\nd. 2018   William Watson, R-U<br \/>\nd. 2018   Ramon Pinto, Espagne<br \/>\nd. 2018   Edith Dittrich, Suisse<br \/>\nd. 2018   Gio Batta Morassi, Italie<br \/>\nd. 2017   Martin Bouette, R-U<br \/>\nd. 2017\u00a0\u00a0 Luca Primon \u00a0\u00a0\u00a0\u00a0\u00a0\u00a0\u00a0\u00a0\u00a0\u00a0 \u00a0 \u00a0\u00a0 Italie<br \/>\nd. 2017\u00a0\u00a0 Bernard Millant \u00a0\u00a0\u00a0\u00a0\u00a0\u00a0 \u00a0\u00a0 France<br \/>\nd. 2016\u00a0\u00a0 Eckart Richter\u00a0\u00a0\u00a0\u00a0\u00a0\u00a0\u00a0\u00a0 \u00a0\u00a0\u00a0\u00a0 Allemagne<br \/>\nd. 2016\u00a0\u00a0 Joachim Schade\u00a0\u00a0\u00a0\u00a0\u00a0 \u00a0\u00a0\u00a0\u00a0 Allemagne<br \/>\nd. 2016\u00a0\u00a0 Gene Bearden\u00a0\u00a0\u00a0\u00a0\u00a0\u00a0\u00a0\u00a0\u00a0\u00a0\u00a0\u00a0\u00a0\u00a0 <span id=\"result_box\" class=\"short_text\" lang=\"fr\"><span class=\"\">Etats-Unis<\/span><\/span><br \/>\nd. 2015 \u00a0 Peter Paul Prier\u00a0\u00a0\u00a0\u00a0\u00a0\u00a0\u00a0\u00a0\u00a0\u00a0\u00a0 <span id=\"result_box\" class=\"short_text\" lang=\"fr\"><span class=\"\">Etats-Unis<\/span><\/span><br \/>\nd. 2014\u00a0\u00a0 Ming-Jiang Zhu\u00a0\u00a0\u00a0\u00a0\u00a0\u00a0\u00a0\u00a0\u00a0\u00a0 R\u00e9publique populaire de Chine<br \/>\nd. 2014\u00a0\u00a0 William Salchow\u00a0\u00a0\u00a0\u00a0\u00a0\u00a0\u00a0\u00a0\u00a0 <span id=\"result_box\" class=\"short_text\" lang=\"fr\"><span class=\"\">Etats-Unis<\/span><\/span><br \/>\nd. 2013\u00a0\u00a0 Lise J\u00f8rgensen\u00a0\u00a0\u00a0\u00a0\u00a0\u00a0\u00a0\u00a0\u00a0\u00a0\u00a0\u00a0\u00a0 Danemark<br \/>\nd. 2013\u00a0\u00a0 \u00c9tienne Vatelot\u00a0\u00a0\u00a0\u00a0\u00a0\u00a0\u00a0\u00a0\u00a0\u00a0\u00a0\u00a0 France<br \/>\nd. 2013\u00a0\u00a0 Karl Roy\u00a0\u00a0\u00a0\u00a0\u00a0\u00a0\u00a0\u00a0\u00a0\u00a0\u00a0\u00a0\u00a0\u00a0\u00a0\u00a0\u00a0\u00a0\u00a0\u00a0\u00a0\u00a0\u00a0\u00a0\u00a0 Allemagne<br \/>\nd. 2013\u00a0\u00a0 Carl Becker\u00a0\u00a0\u00a0\u00a0\u00a0\u00a0\u00a0\u00a0\u00a0\u00a0\u00a0\u00a0\u00a0\u00a0\u00a0\u00a0\u00a0\u00a0\u00a0\u00a0 <span id=\"result_box\" class=\"short_text\" lang=\"fr\"><span class=\"\">Etats-Unis<\/span><\/span><br \/>\nd. 2012\u00a0\u00a0 Jean-Fr\u00e9d\u00e9ric Schmitt\u00a0 France<br \/>\nd. 2011\u00a0\u00a0 Ren\u00e9 A. Morel\u00a0\u00a0\u00a0\u00a0\u00a0\u00a0\u00a0\u00a0\u00a0\u00a0\u00a0\u00a0\u00a0\u00a0\u00a0\u00a0 <span id=\"result_box\" class=\"short_text\" lang=\"fr\"><span class=\"\">Etats-Unis<\/span><\/span><br \/>\nd. 2011\u00a0\u00a0 Wolfgang B\u00fcnnagel\u00a0\u00a0\u00a0\u00a0\u00a0\u00a0\u00a0 Allemagne<br \/>\nd. 2010\u00a0\u00a0 Premysl O. Spidlen\u00a0\u00a0\u00a0\u00a0\u00a0\u00a0\u00a0 R\u00e9publique tch\u00e8que<b class=\"b5\"> <\/b><br \/>\nd. 2009\u00a0\u00a0 Bengt I. Nilsson\u00a0\u00a0\u00a0\u00a0\u00a0\u00a0\u00a0\u00a0\u00a0\u00a0\u00a0\u00a0 Su\u00e8de<br \/>\nd. 2007\u00a0\u00a0 Philippe Bodart\u00a0\u00a0\u00a0\u00a0\u00a0\u00a0\u00a0\u00a0\u00a0\u00a0 \u00a0\u00a0 France<br \/>\nd. 2007\u00a0\u00a0 Hubert Schnorr\u00a0\u00a0\u00a0\u00a0\u00a0\u00a0\u00a0\u00a0\u00a0\u00a0\u00a0\u00a0 Allemagne<br \/>\nd. 2007\u00a0\u00a0 John L. Rossi\u00a0\u00a0\u00a0\u00a0\u00a0\u00a0\u00a0\u00a0\u00a0\u00a0\u00a0\u00a0\u00a0\u00a0\u00a0\u00a0 <span id=\"result_box\" class=\"short_text\" lang=\"fr\"><span class=\"\">Etats-Unis<\/span><\/span><br \/>\nd. 2005\u00a0\u00a0 Fr\u00e9d\u00e9ric Boyer\u00a0\u00a0\u00a0\u00a0\u00a0\u00a0\u00a0\u00a0\u00a0\u00a0\u00a0\u00a0\u00a0\u00a0 France<br \/>\nd. 2005\u00a0\u00a0 Jean Bauer\u00a0\u00a0\u00a0\u00a0\u00a0\u00a0\u00a0\u00a0\u00a0\u00a0\u00a0\u00a0\u00a0\u00a0\u00a0\u00a0\u00a0\u00a0\u00a0\u00a0\u00a0 France<br \/>\nd. 2004\u00a0\u00a0 Arthur R. Toman\u00a0\u00a0\u00a0\u00a0\u00a0\u00a0\u00a0\u00a0\u00a0\u00a0\u00a0 <span id=\"result_box\" class=\"short_text\" lang=\"fr\"><span class=\"\">Etats-Unis<\/span><\/span><br \/>\nd. 2004\u00a0\u00a0 William H. \u00a0\u00a0 Moennig\u00a0\u00a0 <span id=\"result_box\" class=\"short_text\" lang=\"fr\"><span class=\"\">Etats-Unis<\/span><\/span><br \/>\nd. 2004\u00a0\u00a0 Jacques Fran\u00e7ais\u00a0\u00a0\u00a0\u00a0\u00a0\u00a0\u00a0\u00a0\u00a0\u00a0\u00a0 <span id=\"result_box\" class=\"short_text\" lang=\"fr\"><span class=\"\">Etats-Unis<\/span><\/span><br \/>\nd. 2003\u00a0\u00a0 William Hofmann\u00a0\u00a0\u00a0\u00a0\u00a0\u00a0\u00a0\u00a0\u00a0\u00a0 Irelande<br \/>\nd. 2002\u00a0\u00a0 Henry Lanini\u00a0\u00a0\u00a0\u00a0\u00a0\u00a0\u00a0\u00a0\u00a0\u00a0\u00a0\u00a0 \u00a0 \u00a0\u00a0\u00a0 <span id=\"result_box\" class=\"short_text\" lang=\"fr\"><span class=\"\">Etats-Unis<\/span><\/span><br \/>\nd. 2002\u00a0\u00a0 Pier Angelo Balzarini\u00a0\u00a0\u00a0\u00a0 Italie<br \/>\nd. 2001\u00a0\u00a0 Hans Schicker\u00a0\u00a0\u00a0\u00a0\u00a0\u00a0\u00a0\u00a0\u00a0 \u00a0 \u00a0 \u00a0\u00a0 Allemagne<br \/>\nd. 2001 \u00a0 Frank Passa\u00a0\u00a0\u00a0\u00a0\u00a0\u00a0\u00a0\u00a0\u00a0\u00a0\u00a0\u00a0\u00a0\u00a0\u00a0\u00a0\u00a0\u00a0\u00a0\u00a0 <span id=\"result_box\" class=\"short_text\" lang=\"fr\"><span class=\"\">Etats-Unis<\/span><\/span><br \/>\nd. 2001\u00a0\u00a0 Frank Rudolf Heinl\u00a0\u00a0\u00a0\u00a0\u00a0\u00a0\u00a0 Canada<\/p>\n<p>L&rsquo;Entente Internationale des Luthiers et Archetiers e<span id=\"result_box\" class=\"\" lang=\"fr\"><span class=\"\">ncourage ses membres \u00e0 fournir des informations pr\u00e9cises et rapides concernant les d\u00e9c\u00e8s r\u00e9cents des membres.<\/span><\/span><\/p>\n[\/vc_column_text][\/vc_column][\/vc_row]\n","protected":false},"excerpt":{"rendered":"<p>[vc_row][vc_column][vc_column_text] Nous rendons hommage \u00e0 ces membres de l&rsquo;Entente Internationale des Luthiers et Archetiers dont on sait qu&rsquo;ils sont d\u00e9c\u00e9d\u00e9s et nous adressons nos condol\u00e9ances et leurs condol\u00e9ances \u00e0 leurs familles, \u00e0 leurs coll\u00e8gues et \u00e0 leurs amis. d. 2025 John Topham, R-U d. 2024 Otto Karl Schenk, Suisse d. &#8230; <\/p>\n<div><a href=\"https:\/\/www.eila.org\/fr\/in-memoriam\/\" class=\"more-link\">Read More<\/a><\/div>\n","protected":false},"author":11,"featured_media":0,"parent":0,"menu_order":0,"comment_status":"closed","ping_status":"closed","template":"","meta":[],"aioseo_notices":[],"_links":{"self":[{"href":"https:\/\/www.eila.org\/fr\/wp-json\/wp\/v2\/pages\/2187\/"}],"collection":[{"href":"https:\/\/www.eila.org\/fr\/wp-json\/wp\/v2\/pages\/"}],"about":[{"href":"https:\/\/www.eila.org\/fr\/wp-json\/wp\/v2\/types\/page\/"}],"author":[{"embeddable":true,"href":"https:\/\/www.eila.org\/fr\/wp-json\/wp\/v2\/users\/11\/"}],"replies":[{"embeddable":true,"href":"https:\/\/www.eila.org\/fr\/wp-json\/wp\/v2\/comments\/?post=2187"}],"version-history":[{"count":7,"href":"https:\/\/www.eila.org\/fr\/wp-json\/wp\/v2\/pages\/2187\/revisions\/"}],"predecessor-version":[{"id":3095,"href":"https:\/\/www.eila.org\/fr\/wp-json\/wp\/v2\/pages\/2187\/revisions\/3095\/"}],"wp:attachment":[{"href":"https:\/\/www.eila.org\/fr\/wp-json\/wp\/v2\/media\/?parent=2187"}],"curies":[{"name":"wp","href":"https:\/\/api.w.org\/{rel}","templated":true}]}}