{"id":1383,"date":"2015-11-17T13:39:21","date_gmt":"2015-11-17T18:39:21","guid":{"rendered":"https:\/\/eila.org\/it\/?page_id=1383"},"modified":"2015-12-22T10:20:36","modified_gmt":"2015-12-22T15:20:36","slug":"accoglienza","status":"publish","type":"page","link":"https:\/\/www.eila.org\/it\/","title":{"rendered":"Accoglienza"},"content":{"rendered":"[vc_row no_margin=&#8221;true&#8221; padding_top=&#8221;0px&#8221; padding_bottom=&#8221;0px&#8221; border=&#8221;none&#8221; bg_video=&#8221;&#8221; class=&#8221;&#8221; style=&#8221;&#8221;][vc_column fade_animation_offset=&#8221;45px&#8221; width=&#8221;1\/3&#8243;]<h4  class=\"h-custom-headline actionHomebutton center-text h4\" style=\"color: #d16732;\"><span><a style=\"color: #d16732; margin-top: 0;\" title=\"Members Directory A-Z\" href=\"https:\/\/eila.org\/it\/members-directory-eila\/\">Trovare un membro<\/a><\/span><\/h4><img  class=\"x-img callActionHomeButton x-img-circle none\"  src=\"https:\/\/www.eila.org\/wp-content\/uploads\/2015\/02\/violin-tools.jpg\" >[\/vc_column][vc_column fade_animation_offset=&#8221;45px&#8221; width=&#8221;1\/3&#8243;]<h4  class=\"h-custom-headline actionHomebutton center-text h4\" ><span><a style=\"color: #d16732; margin-top: 0;\" title=\"Members\" href=\"https:\/\/eila.org\/it\/members-directory-eila\/\">Per musici<\/a><\/span><\/h4><img  class=\"x-img callActionHomeButton x-img-circle none\"  src=\"https:\/\/www.eila.org\/wp-content\/uploads\/2015\/02\/78.jpg\" >[\/vc_column][vc_column fade_animation_offset=&#8221;45px&#8221; width=&#8221;1\/3&#8243;]<h4  class=\"h-custom-headline actionHomebutton center-text h4\" ><span><a style=\"color: #d16732; margin-top: 0;\" title=\"Executive Board\" href=\"https:\/\/eila.org\/it\/missione\/\">La nostra storia<\/a><\/span><\/h4><img  class=\"x-img callActionHomeButton x-img-circle none\"  src=\"https:\/\/www.eila.org\/wp-content\/uploads\/2015\/12\/Entente-1955-for-web-e1450404570941.jpg\" >[\/vc_column][\/vc_row][vc_row padding_top=&#8221;0px&#8221; padding_bottom=&#8221;0px&#8221; border=&#8221;none&#8221;][vc_column fade_animation_offset=&#8221;45px&#8221; width=&#8221;1\/1&#8243;]<hr  class=\"x-hr\" ><h6  class=\"h-custom-headline h6\" ><span>Chi Siamo?<\/span><\/h6><div  class=\"x-columnize\" >Nel 1950, i liutai europei che crearono l\u2019unione internazionale non avrebbero mai immaginato che questa avrebbe ad oggi raggruppato circa 170 liutai e archettai in tutto il mondo.<\/p>\n<p>L\u2019unione \u00e8 stata creata allo scopo di stringere legami di amicizia fra i maestri, di prendere tutte le misure utili a difendere le loro condizioni di lavoro, di far conoscere meglio la loro arte, di perfezionare i metodi di educazione dei loro allievi, di mettere in comune tutte le loro forze e il loro talento per restituire alla liuteria tutto il suo splendore.<\/p>\n<p>Il liutaio o l\u2019archettaio diplomato dell\u2019unione internazionale sapr\u00e0 rispondere con la pi\u00f9 grande professionalit\u00e0 a tutti i bisogni dei musicisti di strumenti a corde: la manutenzione dello strumento o dell\u2019archetto, la manutenzione ordinaria, la regolazione della sonorit\u00e0, ma anche restauri eseguiti sui pezzi pi\u00f9 prestigiosi del patrimonio strumentale.<\/p>\n<p>Troverete laboratori appartenenti ai nostri membri nella maggior parte dei paesi, e in caso di bisogno durante le vostre trasferte, il vostro liutaio di fiducia, membro dell\u2019unione internazionale, sapr\u00e0 indicarvi a chi potrete rivolgervi con lo stesso grado di fiducia che accordate a loro.<\/div>\n[\/vc_column][\/vc_row]\n","protected":false},"excerpt":{"rendered":"<p>[vc_row no_margin=&#8221;true&#8221; padding_top=&#8221;0px&#8221; padding_bottom=&#8221;0px&#8221; border=&#8221;none&#8221; bg_video=&#8221;&#8221; class=&#8221;&#8221; style=&#8221;&#8221;][vc_column fade_animation_offset=&#8221;45px&#8221; width=&#8221;1\/3&#8243;][\/vc_column][vc_column fade_animation_offset=&#8221;45px&#8221; width=&#8221;1\/3&#8243;][\/vc_column][vc_column fade_animation_offset=&#8221;45px&#8221; width=&#8221;1\/3&#8243;][\/vc_column][\/vc_row][vc_row padding_top=&#8221;0px&#8221; padding_bottom=&#8221;0px&#8221; border=&#8221;none&#8221;][vc_column fade_animation_offset=&#8221;45px&#8221; width=&#8221;1\/1&#8243;][\/vc_column][\/vc_row]<\/p>\n","protected":false},"author":11,"featured_media":0,"parent":0,"menu_order":0,"comment_status":"closed","ping_status":"closed","template":"template-blank-1.php","meta":[],"aioseo_notices":[],"_links":{"self":[{"href":"https:\/\/www.eila.org\/it\/wp-json\/wp\/v2\/pages\/1383\/"}],"collection":[{"href":"https:\/\/www.eila.org\/it\/wp-json\/wp\/v2\/pages\/"}],"about":[{"href":"https:\/\/www.eila.org\/it\/wp-json\/wp\/v2\/types\/page\/"}],"author":[{"embeddable":true,"href":"https:\/\/www.eila.org\/it\/wp-json\/wp\/v2\/users\/11\/"}],"replies":[{"embeddable":true,"href":"https:\/\/www.eila.org\/it\/wp-json\/wp\/v2\/comments\/?post=1383"}],"version-history":[{"count":9,"href":"https:\/\/www.eila.org\/it\/wp-json\/wp\/v2\/pages\/1383\/revisions\/"}],"predecessor-version":[{"id":1749,"href":"https:\/\/www.eila.org\/it\/wp-json\/wp\/v2\/pages\/1383\/revisions\/1749\/"}],"wp:attachment":[{"href":"https:\/\/www.eila.org\/it\/wp-json\/wp\/v2\/media\/?parent=1383"}],"curies":[{"name":"wp","href":"https:\/\/api.w.org\/{rel}","templated":true}]}}